{"id":864,"date":"2022-10-14T12:38:10","date_gmt":"2022-10-14T12:38:10","guid":{"rendered":"https:\/\/abundancelegacy.org\/?page_id=864"},"modified":"2026-03-27T09:22:51","modified_gmt":"2026-03-27T09:22:51","slug":"financial-bootcamp","status":"publish","type":"page","link":"https:\/\/abundancelegacy.org\/es\/financial-bootcamp\/","title":{"rendered":"Campamento de entrenamiento financiero"},"content":{"rendered":"<div data-elementor-type=\"wp-page\" data-elementor-id=\"864\" class=\"elementor elementor-864\" data-elementor-post-type=\"page\">\n\t\t\t\t\t\t<section class=\"elementor-section elementor-top-section elementor-element elementor-element-6e17383 elementor-section-height-min-height elementor-section-full_width elementor-section-items-bottom elementor-section-height-default\" data-id=\"6e17383\" data-element_type=\"section\" data-e-type=\"section\" data-settings=\"{&quot;background_background&quot;:&quot;classic&quot;}\">\n\t\t\t\t\t\t\t<div class=\"elementor-background-overlay\"><\/div>\n\t\t\t\t\t\t\t<div class=\"elementor-container elementor-column-gap-no\">\n\t\t\t\t\t<div class=\"elementor-column elementor-col-100 elementor-top-column elementor-element elementor-element-a1e8ab0\" data-id=\"a1e8ab0\" data-element_type=\"column\" data-e-type=\"column\">\n\t\t\t<div class=\"elementor-widget-wrap elementor-element-populated\">\n\t\t\t\t\t\t<section class=\"elementor-section elementor-inner-section elementor-element elementor-element-18c86dc elementor-section-full_width elementor-section-height-default elementor-section-height-default\" data-id=\"18c86dc\" data-element_type=\"section\" data-e-type=\"section\">\n\t\t\t\t\t\t\t<div class=\"elementor-background-overlay\"><\/div>\n\t\t\t\t\t\t\t<div class=\"elementor-container elementor-column-gap-no\">\n\t\t\t\t\t<div class=\"elementor-column elementor-col-100 elementor-inner-column elementor-element elementor-element-f4956f7\" data-id=\"f4956f7\" data-element_type=\"column\" data-e-type=\"column\">\n\t\t\t<div class=\"elementor-widget-wrap elementor-element-populated\">\n\t\t\t\t\t\t<div class=\"elementor-element elementor-element-ff2f289 elementor-widget__width-initial elementor-widget elementor-widget-heading\" data-id=\"ff2f289\" data-element_type=\"widget\" data-e-type=\"widget\" data-widget_type=\"heading.default\">\n\t\t\t\t<div class=\"elementor-widget-container\">\n\t\t\t\t\t<h2 class=\"elementor-heading-title elementor-size-default\">Campamento de entrenamiento financiero<\/h2>\t\t\t\t<\/div>\n\t\t\t\t<\/div>\n\t\t\t\t\t<\/div>\n\t\t<\/div>\n\t\t\t\t\t<\/div>\n\t\t<\/section>\n\t\t\t\t\t<\/div>\n\t\t<\/div>\n\t\t\t\t\t<\/div>\n\t\t<\/section>\n\t\t\t\t<section class=\"elementor-section elementor-top-section elementor-element elementor-element-0f8a8dd elementor-section-boxed elementor-section-height-default elementor-section-height-default\" data-id=\"0f8a8dd\" data-element_type=\"section\" data-e-type=\"section\" data-settings=\"{&quot;background_background&quot;:&quot;classic&quot;}\">\n\t\t\t\t\t\t<div class=\"elementor-container elementor-column-gap-default\">\n\t\t\t\t\t<div class=\"elementor-column elementor-col-50 elementor-top-column elementor-element elementor-element-cf5e61a\" data-id=\"cf5e61a\" data-element_type=\"column\" data-e-type=\"column\">\n\t\t\t<div class=\"elementor-widget-wrap elementor-element-populated\">\n\t\t\t\t\t\t<div class=\"elementor-element elementor-element-3c0a82b elementor-widget elementor-widget-html\" data-id=\"3c0a82b\" data-element_type=\"widget\" data-e-type=\"widget\" data-widget_type=\"html.default\">\n\t\t\t\t<div class=\"elementor-widget-container\">\n\t\t\t\t\t<script src=\"https:\/\/fast.wistia.com\/embed\/medias\/7arn9imozm.jsonp\" async><\/script><script src=\"https:\/\/fast.wistia.com\/assets\/external\/E-v1.js\" async><\/script><div class=\"wistia_responsive_padding\" style=\"padding:56.25% 0 0 0;position:relative;\"><div class=\"wistia_responsive_wrapper\" style=\"height:100%;left:0;position:absolute;top:0;width:100%;\"><div class=\"wistia_embed wistia_async_7arn9imozm videoFoam=true\" style=\"height:100%;position:relative;width:100%\"><div class=\"wistia_swatch\" style=\"height:100%;left:0;opacity:0;overflow:hidden;position:absolute;top:0;transition:opacity 200ms;width:100%;\"><img decoding=\"async\" src=\"https:\/\/fast.wistia.com\/embed\/medias\/7arn9imozm\/swatch\" style=\"filter:blur(5px);height:100%;object-fit:contain;width:100%;\" alt=\"\" aria-hidden=\"true\" onload=\"this.parentNode.style.opacity=1;\" \/><\/div><\/div><\/div><\/div>\t\t\t\t<\/div>\n\t\t\t\t<\/div>\n\t\t\t\t\t<\/div>\n\t\t<\/div>\n\t\t\t\t<div class=\"elementor-column elementor-col-50 elementor-top-column elementor-element elementor-element-e9d65e5\" data-id=\"e9d65e5\" data-element_type=\"column\" data-e-type=\"column\">\n\t\t\t<div class=\"elementor-widget-wrap elementor-element-populated\">\n\t\t\t\t\t\t<div class=\"elementor-element elementor-element-1364cdf elementor-widget elementor-widget-heading\" data-id=\"1364cdf\" data-element_type=\"widget\" data-e-type=\"widget\" data-widget_type=\"heading.default\">\n\t\t\t\t<div class=\"elementor-widget-container\">\n\t\t\t\t\t<h2 class=\"elementor-heading-title elementor-size-default\">Nuestra historia:<\/h2>\t\t\t\t<\/div>\n\t\t\t\t<\/div>\n\t\t\t\t<div class=\"elementor-element elementor-element-1aa3a9a elementor-widget elementor-widget-heading\" data-id=\"1aa3a9a\" data-element_type=\"widget\" data-e-type=\"widget\" data-widget_type=\"heading.default\">\n\t\t\t\t<div class=\"elementor-widget-container\">\n\t\t\t\t\t<h2 class=\"elementor-heading-title elementor-size-default\">Despu\u00e9s de hablar y entrenar a tantas personas que est\u00e1n ah\u00ed fuera luchando d\u00eda a d\u00eda, decidimos armar un programa asequible que ayudar\u00e1 a las personas en sus luchas financieras. La realidad de esto es que cuando ayudamos a la gente con sus finanzas otras \u00e1reas de su vida mejora tambi\u00e9n. Hemos visto mejoras en la vida espiritual, la salud, la familia y las relaciones, la carrera, la comunidad y la educaci\u00f3n. Despu\u00e9s de todo, todo est\u00e1 conectado.<\/h2>\t\t\t\t<\/div>\n\t\t\t\t<\/div>\n\t\t\t\t\t<\/div>\n\t\t<\/div>\n\t\t\t\t\t<\/div>\n\t\t<\/section>\n\t\t\t\t<section class=\"elementor-section elementor-top-section elementor-element elementor-element-dca6a1a elementor-section-content-middle elementor-section-boxed elementor-section-height-default elementor-section-height-default\" data-id=\"dca6a1a\" data-element_type=\"section\" data-e-type=\"section\" data-settings=\"{&quot;background_background&quot;:&quot;classic&quot;}\">\n\t\t\t\t\t\t<div class=\"elementor-container elementor-column-gap-default\">\n\t\t\t\t\t<div class=\"elementor-column elementor-col-50 elementor-top-column elementor-element elementor-element-3d297d7\" data-id=\"3d297d7\" data-element_type=\"column\" data-e-type=\"column\">\n\t\t\t<div class=\"elementor-widget-wrap elementor-element-populated\">\n\t\t\t\t\t\t<div class=\"elementor-element elementor-element-74b046d elementor-widget elementor-widget-heading\" data-id=\"74b046d\" data-element_type=\"widget\" data-e-type=\"widget\" data-widget_type=\"heading.default\">\n\t\t\t\t<div class=\"elementor-widget-container\">\n\t\t\t\t\t<h2 class=\"elementor-heading-title elementor-size-default\">Enfoque:<\/h2>\t\t\t\t<\/div>\n\t\t\t\t<\/div>\n\t\t\t\t<div class=\"elementor-element elementor-element-8130167 elementor-widget elementor-widget-text-editor\" data-id=\"8130167\" data-element_type=\"widget\" data-e-type=\"widget\" data-widget_type=\"text-editor.default\">\n\t\t\t\t<div class=\"elementor-widget-container\">\n\t\t\t\t\t\t\t\t\t<p>El Financial Boot Camp se cre\u00f3 para ayudar a las personas a poner en orden sus asuntos financieros. Este es un programa de 1 mes que se reunir\u00e1 una vez a la semana durante 2 horas a trav\u00e9s de videoconferencia. Esta es una clase de trabajo, y al final de la formaci\u00f3n, usted tendr\u00e1 lo siguiente:<\/p>\n<ul>\n<li>Un plan detallado con su propia fecha de salida de la deuda<\/li>\n<li>Un presupuesto detallado que le permitir\u00e1 vivir dentro de sus posibilidades<\/li>\n<li>Una estrategia de inversi\u00f3n detallada para la jubilaci\u00f3n y el patrimonio<\/li>\n<\/ul>\t\t\t\t\t\t\t\t<\/div>\n\t\t\t\t<\/div>\n\t\t\t\t<div class=\"elementor-element elementor-element-4762dca elementor-widget elementor-widget-text-editor\" data-id=\"4762dca\" data-element_type=\"widget\" data-e-type=\"widget\" data-widget_type=\"text-editor.default\">\n\t\t\t\t<div class=\"elementor-widget-container\">\n\t\t\t\t\t\t\t\t\t<p>La clase ser\u00e1 limitada, as\u00ed que utilice el siguiente enlace para inscribirse <a href=\"https:\/\/bit.ly\/ABLFinancialLiteracyProgramRegistration\" target=\"_blank\" rel=\"noopener\">https:\/\/bit.ly\/ABLFinancialLiteracyProgramRegistration<\/a>. Una vez que se haya registrado, le proporcionaremos la informaci\u00f3n de inicio de sesi\u00f3n y las asignaciones previas a la asistencia; le rogamos que no la comparta con nadie. Si tiene alguna pregunta, no dude en ponerse en contacto con nosotros.<\/p>\t\t\t\t\t\t\t\t<\/div>\n\t\t\t\t<\/div>\n\t\t\t\t<div class=\"elementor-element elementor-element-6551644 elementor-widget elementor-widget-text-editor\" data-id=\"6551644\" data-element_type=\"widget\" data-e-type=\"widget\" data-widget_type=\"text-editor.default\">\n\t\t\t\t<div class=\"elementor-widget-container\">\n\t\t\t\t\t\t\t\t\tP\u00f3ngase en contacto con nosotros para conocer las pr\u00f3ximas fechas disponibles para las clases.\t\t\t\t\t\t\t\t<\/div>\n\t\t\t\t<\/div>\n\t\t\t\t\t<\/div>\n\t\t<\/div>\n\t\t\t\t<div class=\"elementor-column elementor-col-50 elementor-top-column elementor-element elementor-element-a5bb2c8\" data-id=\"a5bb2c8\" data-element_type=\"column\" data-e-type=\"column\">\n\t\t\t<div class=\"elementor-widget-wrap elementor-element-populated\">\n\t\t\t\t\t\t<div class=\"elementor-element elementor-element-6213e3a elementor-widget elementor-widget-image\" data-id=\"6213e3a\" data-element_type=\"widget\" data-e-type=\"widget\" data-widget_type=\"image.default\">\n\t\t\t\t<div class=\"elementor-widget-container\">\n\t\t\t\t\t\t\t\t\t\t\t\t\t\t\t<img fetchpriority=\"high\" decoding=\"async\" width=\"1600\" height=\"1829\" src=\"https:\/\/abundancelegacy.org\/wp-content\/uploads\/2022\/10\/saa.png\" class=\"attachment-full size-full wp-image-355\" alt=\"\" srcset=\"https:\/\/abundancelegacy.org\/wp-content\/uploads\/2022\/10\/saa.png 1600w, https:\/\/abundancelegacy.org\/wp-content\/uploads\/2022\/10\/saa-262x300.png 262w, https:\/\/abundancelegacy.org\/wp-content\/uploads\/2022\/10\/saa-896x1024.png 896w, https:\/\/abundancelegacy.org\/wp-content\/uploads\/2022\/10\/saa-768x878.png 768w, https:\/\/abundancelegacy.org\/wp-content\/uploads\/2022\/10\/saa-1344x1536.png 1344w, https:\/\/abundancelegacy.org\/wp-content\/uploads\/2022\/10\/saa-10x12.png 10w, https:\/\/abundancelegacy.org\/wp-content\/uploads\/2022\/10\/saa-600x686.png 600w\" sizes=\"(max-width: 1600px) 100vw, 1600px\" \/>\t\t\t\t\t\t\t\t\t\t\t\t\t\t\t<\/div>\n\t\t\t\t<\/div>\n\t\t\t\t\t<\/div>\n\t\t<\/div>\n\t\t\t\t\t<\/div>\n\t\t<\/section>\n\t\t\t\t<section class=\"elementor-section elementor-top-section elementor-element elementor-element-44b6db2 elementor-section-boxed elementor-section-height-default elementor-section-height-default\" data-id=\"44b6db2\" data-element_type=\"section\" data-e-type=\"section\">\n\t\t\t\t\t\t<div class=\"elementor-container elementor-column-gap-extended\">\n\t\t\t\t\t<div class=\"elementor-column elementor-col-50 elementor-top-column elementor-element elementor-element-db0d2aa\" data-id=\"db0d2aa\" data-element_type=\"column\" data-e-type=\"column\">\n\t\t\t<div class=\"elementor-widget-wrap elementor-element-populated\">\n\t\t\t\t\t\t<div class=\"elementor-element elementor-element-050620f elementor-widget elementor-widget-image\" data-id=\"050620f\" data-element_type=\"widget\" data-e-type=\"widget\" data-widget_type=\"image.default\">\n\t\t\t\t<div class=\"elementor-widget-container\">\n\t\t\t\t\t\t\t\t\t\t\t\t\t\t\t<img decoding=\"async\" width=\"800\" height=\"420\" src=\"https:\/\/abundancelegacy.org\/wp-content\/uploads\/2022\/10\/dilution-right-essential-oil-massage-blends-amt-1024x538.jpg\" class=\"elementor-animation-grow attachment-large size-large wp-image-1309\" alt=\"\" srcset=\"https:\/\/abundancelegacy.org\/wp-content\/uploads\/2022\/10\/dilution-right-essential-oil-massage-blends-amt-1024x538.jpg 1024w, https:\/\/abundancelegacy.org\/wp-content\/uploads\/2022\/10\/dilution-right-essential-oil-massage-blends-amt-300x158.jpg 300w, https:\/\/abundancelegacy.org\/wp-content\/uploads\/2022\/10\/dilution-right-essential-oil-massage-blends-amt-768x403.jpg 768w, https:\/\/abundancelegacy.org\/wp-content\/uploads\/2022\/10\/dilution-right-essential-oil-massage-blends-amt-18x9.jpg 18w, https:\/\/abundancelegacy.org\/wp-content\/uploads\/2022\/10\/dilution-right-essential-oil-massage-blends-amt-600x315.jpg 600w, https:\/\/abundancelegacy.org\/wp-content\/uploads\/2022\/10\/dilution-right-essential-oil-massage-blends-amt.jpg 1200w\" sizes=\"(max-width: 800px) 100vw, 800px\" \/>\t\t\t\t\t\t\t\t\t\t\t\t\t\t\t<\/div>\n\t\t\t\t<\/div>\n\t\t\t\t<div class=\"elementor-element elementor-element-01c439f elementor-widget__width-auto elementor-widget elementor-widget-button\" data-id=\"01c439f\" data-element_type=\"widget\" data-e-type=\"widget\" data-widget_type=\"button.default\">\n\t\t\t\t<div class=\"elementor-widget-container\">\n\t\t\t\t\t\t\t\t\t<div class=\"elementor-button-wrapper\">\n\t\t\t\t\t<a class=\"elementor-button elementor-button-link elementor-size-md\" href=\"https:\/\/abundancelegacy.org\/es\/holistic-center\/\">\n\t\t\t\t\t\t<span class=\"elementor-button-content-wrapper\">\n\t\t\t\t\t\t<span class=\"elementor-button-icon\">\n\t\t\t\t<i aria-hidden=\"true\" class=\"fas fa-chevron-right\"><\/i>\t\t\t<\/span>\n\t\t\t\t\t\t\t\t\t<span class=\"elementor-button-text\">Centro hol\u00edstico<\/span>\n\t\t\t\t\t<\/span>\n\t\t\t\t\t<\/a>\n\t\t\t\t<\/div>\n\t\t\t\t\t\t\t\t<\/div>\n\t\t\t\t<\/div>\n\t\t\t\t\t<\/div>\n\t\t<\/div>\n\t\t\t\t<div class=\"elementor-column elementor-col-50 elementor-top-column elementor-element elementor-element-7bf4ac3\" data-id=\"7bf4ac3\" data-element_type=\"column\" data-e-type=\"column\">\n\t\t\t<div class=\"elementor-widget-wrap elementor-element-populated\">\n\t\t\t\t\t\t<div class=\"elementor-element elementor-element-7573383 elementor-widget elementor-widget-image\" data-id=\"7573383\" data-element_type=\"widget\" data-e-type=\"widget\" data-widget_type=\"image.default\">\n\t\t\t\t<div class=\"elementor-widget-container\">\n\t\t\t\t\t\t\t\t\t\t\t\t\t\t\t<img decoding=\"async\" width=\"800\" height=\"352\" src=\"https:\/\/abundancelegacy.org\/wp-content\/uploads\/2022\/10\/recognition-2-1-1024x450.jpg\" class=\"elementor-animation-grow attachment-large size-large wp-image-1299\" alt=\"\" srcset=\"https:\/\/abundancelegacy.org\/wp-content\/uploads\/2022\/10\/recognition-2-1-1024x450.jpg 1024w, https:\/\/abundancelegacy.org\/wp-content\/uploads\/2022\/10\/recognition-2-1-300x132.jpg 300w, https:\/\/abundancelegacy.org\/wp-content\/uploads\/2022\/10\/recognition-2-1-768x337.jpg 768w, https:\/\/abundancelegacy.org\/wp-content\/uploads\/2022\/10\/recognition-2-1-18x8.jpg 18w, https:\/\/abundancelegacy.org\/wp-content\/uploads\/2022\/10\/recognition-2-1-600x264.jpg 600w, https:\/\/abundancelegacy.org\/wp-content\/uploads\/2022\/10\/recognition-2-1.jpg 1500w\" sizes=\"(max-width: 800px) 100vw, 800px\" \/>\t\t\t\t\t\t\t\t\t\t\t\t\t\t\t<\/div>\n\t\t\t\t<\/div>\n\t\t\t\t<div class=\"elementor-element elementor-element-13a1808 elementor-widget__width-auto elementor-widget elementor-widget-button\" data-id=\"13a1808\" data-element_type=\"widget\" data-e-type=\"widget\" data-widget_type=\"button.default\">\n\t\t\t\t<div class=\"elementor-widget-container\">\n\t\t\t\t\t\t\t\t\t<div class=\"elementor-button-wrapper\">\n\t\t\t\t\t<a class=\"elementor-button elementor-button-link elementor-size-md\" href=\"https:\/\/abundancelegacy.org\/es\/choice-program\/\">\n\t\t\t\t\t\t<span class=\"elementor-button-content-wrapper\">\n\t\t\t\t\t\t<span class=\"elementor-button-icon\">\n\t\t\t\t<i aria-hidden=\"true\" class=\"fas fa-chevron-right\"><\/i>\t\t\t<\/span>\n\t\t\t\t\t\t\t\t\t<span class=\"elementor-button-text\">Programa de opciones<\/span>\n\t\t\t\t\t<\/span>\n\t\t\t\t\t<\/a>\n\t\t\t\t<\/div>\n\t\t\t\t\t\t\t\t<\/div>\n\t\t\t\t<\/div>\n\t\t\t\t\t<\/div>\n\t\t<\/div>\n\t\t\t\t\t<\/div>\n\t\t<\/section>\n\t\t\t\t<\/div>","protected":false},"excerpt":{"rendered":"<p>Financial Bootcamp Our Story: After talking with and coaching so many people that are out there struggling day to day, we decided to put together an affordable program that will [&hellip;]<\/p>\n","protected":false},"author":1,"featured_media":0,"parent":0,"menu_order":0,"comment_status":"closed","ping_status":"closed","template":"elementor_header_footer","meta":{"footnotes":""},"class_list":["post-864","page","type-page","status-publish","hentry"],"_links":{"self":[{"href":"https:\/\/abundancelegacy.org\/es\/wp-json\/wp\/v2\/pages\/864","targetHints":{"allow":["GET"]}}],"collection":[{"href":"https:\/\/abundancelegacy.org\/es\/wp-json\/wp\/v2\/pages"}],"about":[{"href":"https:\/\/abundancelegacy.org\/es\/wp-json\/wp\/v2\/types\/page"}],"author":[{"embeddable":true,"href":"https:\/\/abundancelegacy.org\/es\/wp-json\/wp\/v2\/users\/1"}],"replies":[{"embeddable":true,"href":"https:\/\/abundancelegacy.org\/es\/wp-json\/wp\/v2\/comments?post=864"}],"version-history":[{"count":31,"href":"https:\/\/abundancelegacy.org\/es\/wp-json\/wp\/v2\/pages\/864\/revisions"}],"predecessor-version":[{"id":2249,"href":"https:\/\/abundancelegacy.org\/es\/wp-json\/wp\/v2\/pages\/864\/revisions\/2249"}],"wp:attachment":[{"href":"https:\/\/abundancelegacy.org\/es\/wp-json\/wp\/v2\/media?parent=864"}],"curies":[{"name":"wp","href":"https:\/\/api.w.org\/{rel}","templated":true}]}}