{"id":860,"date":"2022-10-14T12:36:28","date_gmt":"2022-10-14T12:36:28","guid":{"rendered":"https:\/\/abundancelegacy.org\/?page_id=860"},"modified":"2025-12-11T04:44:43","modified_gmt":"2025-12-11T04:44:43","slug":"mens-empowerment-group","status":"publish","type":"page","link":"https:\/\/abundancelegacy.org\/es\/mens-empowerment-group\/","title":{"rendered":"Mens Empowerment Group"},"content":{"rendered":"<div data-elementor-type=\"wp-page\" data-elementor-id=\"860\" class=\"elementor elementor-860\" data-elementor-post-type=\"page\">\n\t\t\t\t\t\t<section class=\"elementor-section elementor-top-section elementor-element elementor-element-6e17383 elementor-section-height-min-height elementor-section-full_width elementor-section-items-bottom elementor-section-height-default\" data-id=\"6e17383\" data-element_type=\"section\" data-e-type=\"section\" data-settings=\"{&quot;background_background&quot;:&quot;classic&quot;}\">\n\t\t\t\t\t\t\t<div class=\"elementor-background-overlay\"><\/div>\n\t\t\t\t\t\t\t<div class=\"elementor-container elementor-column-gap-no\">\n\t\t\t\t\t<div class=\"elementor-column elementor-col-100 elementor-top-column elementor-element elementor-element-a1e8ab0\" data-id=\"a1e8ab0\" data-element_type=\"column\" data-e-type=\"column\">\n\t\t\t<div class=\"elementor-widget-wrap elementor-element-populated\">\n\t\t\t\t\t\t<section class=\"elementor-section elementor-inner-section elementor-element elementor-element-18c86dc elementor-section-full_width elementor-section-height-default elementor-section-height-default\" data-id=\"18c86dc\" data-element_type=\"section\" data-e-type=\"section\">\n\t\t\t\t\t\t\t<div class=\"elementor-background-overlay\"><\/div>\n\t\t\t\t\t\t\t<div class=\"elementor-container elementor-column-gap-no\">\n\t\t\t\t\t<div class=\"elementor-column elementor-col-100 elementor-inner-column elementor-element elementor-element-f4956f7\" data-id=\"f4956f7\" data-element_type=\"column\" data-e-type=\"column\">\n\t\t\t<div class=\"elementor-widget-wrap elementor-element-populated\">\n\t\t\t\t\t\t<div class=\"elementor-element elementor-element-ff2f289 elementor-widget__width-initial elementor-widget elementor-widget-heading\" data-id=\"ff2f289\" data-element_type=\"widget\" data-e-type=\"widget\" data-widget_type=\"heading.default\">\n\t\t\t\t<div class=\"elementor-widget-container\">\n\t\t\t\t\t<h2 class=\"elementor-heading-title elementor-size-default\">Grupo de capacitaci\u00f3n de hombres<\/h2>\t\t\t\t<\/div>\n\t\t\t\t<\/div>\n\t\t\t\t\t<\/div>\n\t\t<\/div>\n\t\t\t\t\t<\/div>\n\t\t<\/section>\n\t\t\t\t\t<\/div>\n\t\t<\/div>\n\t\t\t\t\t<\/div>\n\t\t<\/section>\n\t\t\t\t<section class=\"elementor-section elementor-top-section elementor-element elementor-element-db8a175 elementor-section-content-middle elementor-section-boxed elementor-section-height-default elementor-section-height-default\" data-id=\"db8a175\" data-element_type=\"section\" data-e-type=\"section\" data-settings=\"{&quot;background_background&quot;:&quot;classic&quot;}\">\n\t\t\t\t\t\t<div class=\"elementor-container elementor-column-gap-default\">\n\t\t\t\t\t<div class=\"elementor-column elementor-col-50 elementor-top-column elementor-element elementor-element-587b33c\" data-id=\"587b33c\" data-element_type=\"column\" data-e-type=\"column\">\n\t\t\t<div class=\"elementor-widget-wrap elementor-element-populated\">\n\t\t\t\t\t\t<div class=\"elementor-element elementor-element-834065d elementor-widget elementor-widget-html\" data-id=\"834065d\" data-element_type=\"widget\" data-e-type=\"widget\" data-widget_type=\"html.default\">\n\t\t\t\t<div class=\"elementor-widget-container\">\n\t\t\t\t\t<script src=\"https:\/\/fast.wistia.com\/embed\/medias\/3kbcguop99.jsonp\" async><\/script><script src=\"https:\/\/fast.wistia.com\/assets\/external\/E-v1.js\" async><\/script><div class=\"wistia_responsive_padding\" style=\"padding:56.25% 0 0 0;position:relative;\"><div class=\"wistia_responsive_wrapper\" style=\"height:100%;left:0;position:absolute;top:0;width:100%;\"><div class=\"wistia_embed wistia_async_3kbcguop99 videoFoam=true\" style=\"height:100%;position:relative;width:100%\"><div class=\"wistia_swatch\" style=\"height:100%;left:0;opacity:0;overflow:hidden;position:absolute;top:0;transition:opacity 200ms;width:100%;\"><img decoding=\"async\" src=\"https:\/\/fast.wistia.com\/embed\/medias\/3kbcguop99\/swatch\" style=\"filter:blur(5px);height:100%;object-fit:contain;width:100%;\" alt=\"\" aria-hidden=\"true\" onload=\"this.parentNode.style.opacity=1;\" \/><\/div><\/div><\/div><\/div>\t\t\t\t<\/div>\n\t\t\t\t<\/div>\n\t\t\t\t\t<\/div>\n\t\t<\/div>\n\t\t\t\t<div class=\"elementor-column elementor-col-50 elementor-top-column elementor-element elementor-element-29bcc1f\" data-id=\"29bcc1f\" data-element_type=\"column\" data-e-type=\"column\">\n\t\t\t<div class=\"elementor-widget-wrap elementor-element-populated\">\n\t\t\t\t\t\t<div class=\"elementor-element elementor-element-5d769d0 elementor-widget elementor-widget-heading\" data-id=\"5d769d0\" data-element_type=\"widget\" data-e-type=\"widget\" data-widget_type=\"heading.default\">\n\t\t\t\t<div class=\"elementor-widget-container\">\n\t\t\t\t\t<h2 class=\"elementor-heading-title elementor-size-default\">Nuestra historia:<\/h2>\t\t\t\t<\/div>\n\t\t\t\t<\/div>\n\t\t\t\t<div class=\"elementor-element elementor-element-312964f elementor-widget elementor-widget-heading\" data-id=\"312964f\" data-element_type=\"widget\" data-e-type=\"widget\" data-widget_type=\"heading.default\">\n\t\t\t\t<div class=\"elementor-widget-container\">\n\t\t\t\t\t<h2 class=\"elementor-heading-title elementor-size-default\">El Grupo de Empoderamiento de Hombres comenz\u00f3 a ra\u00edz de la enfermedad potencialmente mortal de uno de los miembros de nuestro equipo. Como trabajador que era, se tom\u00f3 a la ligera las se\u00f1ales de advertencia de un problema de salud inminente. Al igual que otros hombres, cre\u00eda que pod\u00eda superar esos peque\u00f1os dolores y molestias, pero no sab\u00eda que pasar\u00eda una semana en el hospital con complicaciones card\u00edacas. Nos complace comunicarles que se est\u00e1 recuperando y que est\u00e1 impaciente por compartir su experiencia dando nuevos pasos hacia una mejor salud. Hablar\u00e1 de todo lo relacionado con las se\u00f1ales de advertencia que no se deben ignorar y de c\u00f3mo afecta la salud al bienestar general, incluidos el esp\u00edritu, la mente, el cuerpo y las finanzas. Si est\u00e1 buscando un foro abierto con una zona libre de juicios y ego para compartir sus pensamientos y experiencias para obtener informaci\u00f3n valiosa hol\u00edsticamente, \u00fanase a nosotros en nuestra pr\u00f3xima sesi\u00f3n de grupo de empoderamiento de los hombres.<\/h2>\t\t\t\t<\/div>\n\t\t\t\t<\/div>\n\t\t\t\t\t<\/div>\n\t\t<\/div>\n\t\t\t\t\t<\/div>\n\t\t<\/section>\n\t\t\t\t<section class=\"elementor-section elementor-top-section elementor-element elementor-element-12dbc15 elementor-section-content-middle elementor-section-boxed elementor-section-height-default elementor-section-height-default\" data-id=\"12dbc15\" data-element_type=\"section\" data-e-type=\"section\" data-settings=\"{&quot;background_background&quot;:&quot;classic&quot;}\">\n\t\t\t\t\t\t<div class=\"elementor-container elementor-column-gap-default\">\n\t\t\t\t\t<div class=\"elementor-column elementor-col-50 elementor-top-column elementor-element elementor-element-143979c\" data-id=\"143979c\" data-element_type=\"column\" data-e-type=\"column\">\n\t\t\t<div class=\"elementor-widget-wrap elementor-element-populated\">\n\t\t\t\t\t\t<div class=\"elementor-element elementor-element-ab2d7a3 elementor-widget elementor-widget-heading\" data-id=\"ab2d7a3\" data-element_type=\"widget\" data-e-type=\"widget\" data-widget_type=\"heading.default\">\n\t\t\t\t<div class=\"elementor-widget-container\">\n\t\t\t\t\t<h2 class=\"elementor-heading-title elementor-size-default\">Enfoque:<\/h2>\t\t\t\t<\/div>\n\t\t\t\t<\/div>\n\t\t\t\t<div class=\"elementor-element elementor-element-fdebfa8 elementor-widget elementor-widget-text-editor\" data-id=\"fdebfa8\" data-element_type=\"widget\" data-e-type=\"widget\" data-widget_type=\"text-editor.default\">\n\t\t\t\t<div class=\"elementor-widget-container\">\n\t\t\t\t\t\t\t\t\tContamos con un panel exclusivo para hombres que incluye a algunos de los miembros de nuestro equipo que est\u00e1n disponibles en un foro abierto para hablar sobre salud, finanzas, espiritualidad y relaciones de los hombres. Ser\u00e1 una zona libre de juicios, egos y l\u00edmites, con conversaciones apropiadas en las que podr\u00e1s hablar con franqueza sobre tu condici\u00f3n de hombre. Creemos que estas sesiones ser\u00e1n de beneficio al permitir la vulnerabilidad a trav\u00e9s de la conversaci\u00f3n de foro abierto con los hombres que pueden estar caminando el mismo camino que usted a trav\u00e9s de la vida. Esperamos que pueda unirse a nosotros.\t\t\t\t\t\t\t\t<\/div>\n\t\t\t\t<\/div>\n\t\t\t\t\t<\/div>\n\t\t<\/div>\n\t\t\t\t<div class=\"elementor-column elementor-col-50 elementor-top-column elementor-element elementor-element-70b786a\" data-id=\"70b786a\" data-element_type=\"column\" data-e-type=\"column\">\n\t\t\t<div class=\"elementor-widget-wrap elementor-element-populated\">\n\t\t\t\t\t\t<div class=\"elementor-element elementor-element-b5023e8 elementor-widget elementor-widget-image\" data-id=\"b5023e8\" data-element_type=\"widget\" data-e-type=\"widget\" data-widget_type=\"image.default\">\n\t\t\t\t<div class=\"elementor-widget-container\">\n\t\t\t\t\t\t\t\t\t\t\t\t\t\t\t<img fetchpriority=\"high\" decoding=\"async\" width=\"612\" height=\"382\" src=\"https:\/\/abundancelegacy.org\/wp-content\/uploads\/2023\/03\/istockphoto-944060494-612x612-1.jpg\" class=\"attachment-full size-full wp-image-1898\" alt=\"\" srcset=\"https:\/\/abundancelegacy.org\/wp-content\/uploads\/2023\/03\/istockphoto-944060494-612x612-1.jpg 612w, https:\/\/abundancelegacy.org\/wp-content\/uploads\/2023\/03\/istockphoto-944060494-612x612-1-300x187.jpg 300w, https:\/\/abundancelegacy.org\/wp-content\/uploads\/2023\/03\/istockphoto-944060494-612x612-1-18x12.jpg 18w, https:\/\/abundancelegacy.org\/wp-content\/uploads\/2023\/03\/istockphoto-944060494-612x612-1-600x375.jpg 600w\" sizes=\"(max-width: 612px) 100vw, 612px\" \/>\t\t\t\t\t\t\t\t\t\t\t\t\t\t\t<\/div>\n\t\t\t\t<\/div>\n\t\t\t\t\t<\/div>\n\t\t<\/div>\n\t\t\t\t\t<\/div>\n\t\t<\/section>\n\t\t\t\t<section class=\"elementor-section elementor-top-section elementor-element elementor-element-effcf82 elementor-section-boxed elementor-section-height-default elementor-section-height-default\" data-id=\"effcf82\" data-element_type=\"section\" data-e-type=\"section\">\n\t\t\t\t\t\t<div class=\"elementor-container elementor-column-gap-default\">\n\t\t\t\t\t<div class=\"elementor-column elementor-col-50 elementor-top-column elementor-element elementor-element-f1814bd\" data-id=\"f1814bd\" data-element_type=\"column\" data-e-type=\"column\">\n\t\t\t<div class=\"elementor-widget-wrap elementor-element-populated\">\n\t\t\t\t\t\t<div class=\"elementor-element elementor-element-913786b elementor-widget elementor-widget-heading\" data-id=\"913786b\" data-element_type=\"widget\" data-e-type=\"widget\" data-widget_type=\"heading.default\">\n\t\t\t\t<div class=\"elementor-widget-container\">\n\t\t\t\t\t<h2 class=\"elementor-heading-title elementor-size-default\">Detalles:<\/h2>\t\t\t\t<\/div>\n\t\t\t\t<\/div>\n\t\t\t\t\t<\/div>\n\t\t<\/div>\n\t\t\t\t<div class=\"elementor-column elementor-col-50 elementor-top-column elementor-element elementor-element-df60ce7\" data-id=\"df60ce7\" data-element_type=\"column\" data-e-type=\"column\">\n\t\t\t<div class=\"elementor-widget-wrap elementor-element-populated\">\n\t\t\t\t\t\t<div class=\"elementor-element elementor-element-ebf4789 elementor-widget elementor-widget-toggle\" data-id=\"ebf4789\" data-element_type=\"widget\" data-e-type=\"widget\" data-widget_type=\"toggle.default\">\n\t\t\t\t<div class=\"elementor-widget-container\">\n\t\t\t\t\t\t\t<div class=\"elementor-toggle\">\n\t\t\t\t\t\t\t<div class=\"elementor-toggle-item\">\n\t\t\t\t\t<div id=\"elementor-tab-title-2471\" class=\"elementor-tab-title\" data-tab=\"1\" role=\"button\" aria-controls=\"elementor-tab-content-2471\" aria-expanded=\"false\">\n\t\t\t\t\t\t\t\t\t\t\t\t<span class=\"elementor-toggle-icon elementor-toggle-icon-right\" aria-hidden=\"true\">\n\t\t\t\t\t\t\t\t\t\t\t\t\t\t\t<span class=\"elementor-toggle-icon-closed\"><i class=\"fas fa-chevron-down\"><\/i><\/span>\n\t\t\t\t\t\t\t\t<span class=\"elementor-toggle-icon-opened\"><i class=\"elementor-toggle-icon-opened fas fa-chevron-up\"><\/i><\/span>\n\t\t\t\t\t\t\t\t\t\t\t\t\t<\/span>\n\t\t\t\t\t\t\t\t\t\t\t\t<a class=\"elementor-toggle-title\" tabindex=\"0\">Detalles de las reuniones\/sesiones:<\/a>\n\t\t\t\t\t<\/div>\n\n\t\t\t\t\t<div id=\"elementor-tab-content-2471\" class=\"elementor-tab-content elementor-clearfix\" data-tab=\"1\" role=\"region\" aria-labelledby=\"elementor-tab-title-2471\">Estas reuniones\/sesiones se celebran semanalmente los jueves de 19:00 a 20:00 horas. Inscr\u00edbase en  <a href=\"https:\/\/secure.everyaction.com\/tpR-cxAwK0itERtV44iBJA2\" rel=\"noopener\" target=\"_blank\">https:\/\/secure.everyaction.com\/tpR-cxAwK0itERtV44iBJA2<\/a>. Nos vemos all\u00ed.<\/div>\n\t\t\t\t<\/div>\n\t\t\t\t\t\t\t\t<\/div>\n\t\t\t\t\t\t<\/div>\n\t\t\t\t<\/div>\n\t\t\t\t\t<\/div>\n\t\t<\/div>\n\t\t\t\t\t<\/div>\n\t\t<\/section>\n\t\t\t\t<section class=\"elementor-section elementor-top-section elementor-element elementor-element-44b6db2 elementor-section-boxed elementor-section-height-default elementor-section-height-default\" data-id=\"44b6db2\" data-element_type=\"section\" data-e-type=\"section\">\n\t\t\t\t\t\t\t<div class=\"elementor-background-overlay\"><\/div>\n\t\t\t\t\t\t\t<div class=\"elementor-container elementor-column-gap-extended\">\n\t\t\t\t\t<div class=\"elementor-column elementor-col-50 elementor-top-column elementor-element elementor-element-db0d2aa\" data-id=\"db0d2aa\" data-element_type=\"column\" data-e-type=\"column\">\n\t\t\t<div class=\"elementor-widget-wrap elementor-element-populated\">\n\t\t\t\t\t\t<div class=\"elementor-element elementor-element-050620f elementor-widget elementor-widget-image\" data-id=\"050620f\" data-element_type=\"widget\" data-e-type=\"widget\" data-widget_type=\"image.default\">\n\t\t\t\t<div class=\"elementor-widget-container\">\n\t\t\t\t\t\t\t\t\t\t\t\t\t\t\t<img decoding=\"async\" width=\"800\" height=\"250\" src=\"https:\/\/abundancelegacy.org\/wp-content\/uploads\/2022\/10\/sustainability-people-empowering-women-article-header-fw-1024x320.jpg\" class=\"elementor-animation-grow attachment-large size-large wp-image-828\" alt=\"\" srcset=\"https:\/\/abundancelegacy.org\/wp-content\/uploads\/2022\/10\/sustainability-people-empowering-women-article-header-fw-1024x320.jpg 1024w, https:\/\/abundancelegacy.org\/wp-content\/uploads\/2022\/10\/sustainability-people-empowering-women-article-header-fw-300x94.jpg 300w, https:\/\/abundancelegacy.org\/wp-content\/uploads\/2022\/10\/sustainability-people-empowering-women-article-header-fw-768x240.jpg 768w, https:\/\/abundancelegacy.org\/wp-content\/uploads\/2022\/10\/sustainability-people-empowering-women-article-header-fw-1536x480.jpg 1536w, https:\/\/abundancelegacy.org\/wp-content\/uploads\/2022\/10\/sustainability-people-empowering-women-article-header-fw-18x6.jpg 18w, https:\/\/abundancelegacy.org\/wp-content\/uploads\/2022\/10\/sustainability-people-empowering-women-article-header-fw-600x188.jpg 600w, https:\/\/abundancelegacy.org\/wp-content\/uploads\/2022\/10\/sustainability-people-empowering-women-article-header-fw.jpg 1920w\" sizes=\"(max-width: 800px) 100vw, 800px\" \/>\t\t\t\t\t\t\t\t\t\t\t\t\t\t\t<\/div>\n\t\t\t\t<\/div>\n\t\t\t\t<div class=\"elementor-element elementor-element-01c439f elementor-widget__width-auto elementor-widget elementor-widget-button\" data-id=\"01c439f\" data-element_type=\"widget\" data-e-type=\"widget\" data-widget_type=\"button.default\">\n\t\t\t\t<div class=\"elementor-widget-container\">\n\t\t\t\t\t\t\t\t\t<div class=\"elementor-button-wrapper\">\n\t\t\t\t\t<a class=\"elementor-button elementor-button-link elementor-size-md\" href=\"https:\/\/abundancelegacy.org\/es\/womens-empowerment-group\/\">\n\t\t\t\t\t\t<span class=\"elementor-button-content-wrapper\">\n\t\t\t\t\t\t<span class=\"elementor-button-icon\">\n\t\t\t\t<i aria-hidden=\"true\" class=\"fas fa-chevron-right\"><\/i>\t\t\t<\/span>\n\t\t\t\t\t\t\t\t\t<span class=\"elementor-button-text\">Grupo de capacitaci\u00f3n de mujeres<\/span>\n\t\t\t\t\t<\/span>\n\t\t\t\t\t<\/a>\n\t\t\t\t<\/div>\n\t\t\t\t\t\t\t\t<\/div>\n\t\t\t\t<\/div>\n\t\t\t\t\t<\/div>\n\t\t<\/div>\n\t\t\t\t<div class=\"elementor-column elementor-col-50 elementor-top-column elementor-element elementor-element-7bf4ac3\" data-id=\"7bf4ac3\" data-element_type=\"column\" data-e-type=\"column\">\n\t\t\t<div class=\"elementor-widget-wrap elementor-element-populated\">\n\t\t\t\t\t\t<div class=\"elementor-element elementor-element-7573383 elementor-widget elementor-widget-image\" data-id=\"7573383\" data-element_type=\"widget\" data-e-type=\"widget\" data-widget_type=\"image.default\">\n\t\t\t\t<div class=\"elementor-widget-container\">\n\t\t\t\t\t\t\t\t\t\t\t\t\t\t\t<img decoding=\"async\" width=\"800\" height=\"534\" src=\"https:\/\/abundancelegacy.org\/wp-content\/uploads\/2022\/10\/19-1024x683.jpg\" class=\"elementor-animation-grow attachment-large size-large wp-image-372\" alt=\"\" srcset=\"https:\/\/abundancelegacy.org\/wp-content\/uploads\/2022\/10\/19-1024x683.jpg 1024w, https:\/\/abundancelegacy.org\/wp-content\/uploads\/2022\/10\/19-300x200.jpg 300w, https:\/\/abundancelegacy.org\/wp-content\/uploads\/2022\/10\/19-768x512.jpg 768w, https:\/\/abundancelegacy.org\/wp-content\/uploads\/2022\/10\/19-1536x1024.jpg 1536w, https:\/\/abundancelegacy.org\/wp-content\/uploads\/2022\/10\/19-18x12.jpg 18w, https:\/\/abundancelegacy.org\/wp-content\/uploads\/2022\/10\/19-600x400.jpg 600w, https:\/\/abundancelegacy.org\/wp-content\/uploads\/2022\/10\/19.jpg 1920w\" sizes=\"(max-width: 800px) 100vw, 800px\" \/>\t\t\t\t\t\t\t\t\t\t\t\t\t\t\t<\/div>\n\t\t\t\t<\/div>\n\t\t\t\t<div class=\"elementor-element elementor-element-13a1808 elementor-widget__width-auto elementor-widget elementor-widget-button\" data-id=\"13a1808\" data-element_type=\"widget\" data-e-type=\"widget\" data-widget_type=\"button.default\">\n\t\t\t\t<div class=\"elementor-widget-container\">\n\t\t\t\t\t\t\t\t\t<div class=\"elementor-button-wrapper\">\n\t\t\t\t\t<a class=\"elementor-button elementor-button-link elementor-size-md\" href=\"https:\/\/abundancelegacy.org\/es\/hump-day-support-group\/\">\n\t\t\t\t\t\t<span class=\"elementor-button-content-wrapper\">\n\t\t\t\t\t\t<span class=\"elementor-button-icon\">\n\t\t\t\t<i aria-hidden=\"true\" class=\"fas fa-chevron-right\"><\/i>\t\t\t<\/span>\n\t\t\t\t\t\t\t\t\t<span class=\"elementor-button-text\">Grupo de apoyo del D\u00eda Hump<\/span>\n\t\t\t\t\t<\/span>\n\t\t\t\t\t<\/a>\n\t\t\t\t<\/div>\n\t\t\t\t\t\t\t\t<\/div>\n\t\t\t\t<\/div>\n\t\t\t\t\t<\/div>\n\t\t<\/div>\n\t\t\t\t\t<\/div>\n\t\t<\/section>\n\t\t\t\t<\/div>","protected":false},"excerpt":{"rendered":"<p>Men&#8217;s Empowerment Group Our Story: The Men\u2019s Empowerment Group began because of the life-threatening illness of one of our own team. As a hardworking individual he took the warning signs [&hellip;]<\/p>\n","protected":false},"author":1,"featured_media":0,"parent":0,"menu_order":0,"comment_status":"closed","ping_status":"closed","template":"elementor_header_footer","meta":{"footnotes":""},"class_list":["post-860","page","type-page","status-publish","hentry"],"_links":{"self":[{"href":"https:\/\/abundancelegacy.org\/es\/wp-json\/wp\/v2\/pages\/860","targetHints":{"allow":["GET"]}}],"collection":[{"href":"https:\/\/abundancelegacy.org\/es\/wp-json\/wp\/v2\/pages"}],"about":[{"href":"https:\/\/abundancelegacy.org\/es\/wp-json\/wp\/v2\/types\/page"}],"author":[{"embeddable":true,"href":"https:\/\/abundancelegacy.org\/es\/wp-json\/wp\/v2\/users\/1"}],"replies":[{"embeddable":true,"href":"https:\/\/abundancelegacy.org\/es\/wp-json\/wp\/v2\/comments?post=860"}],"version-history":[{"count":61,"href":"https:\/\/abundancelegacy.org\/es\/wp-json\/wp\/v2\/pages\/860\/revisions"}],"predecessor-version":[{"id":1901,"href":"https:\/\/abundancelegacy.org\/es\/wp-json\/wp\/v2\/pages\/860\/revisions\/1901"}],"wp:attachment":[{"href":"https:\/\/abundancelegacy.org\/es\/wp-json\/wp\/v2\/media?parent=860"}],"curies":[{"name":"wp","href":"https:\/\/api.w.org\/{rel}","templated":true}]}}