{"id":722,"date":"2022-10-14T10:28:37","date_gmt":"2022-10-14T10:28:37","guid":{"rendered":"https:\/\/abundancelegacy.org\/?page_id=722"},"modified":"2025-12-11T04:44:48","modified_gmt":"2025-12-11T04:44:48","slug":"vision","status":"publish","type":"page","link":"https:\/\/abundancelegacy.org\/es\/vision\/","title":{"rendered":"Visi\u00f3n"},"content":{"rendered":"<div data-elementor-type=\"wp-page\" data-elementor-id=\"722\" class=\"elementor elementor-722\" data-elementor-post-type=\"page\">\n\t\t\t\t\t\t<section class=\"elementor-section elementor-top-section elementor-element elementor-element-a83b89b elementor-section-height-min-height elementor-section-full_width elementor-section-items-bottom elementor-section-height-default\" data-id=\"a83b89b\" data-element_type=\"section\" data-e-type=\"section\" data-settings=\"{&quot;background_background&quot;:&quot;classic&quot;}\">\n\t\t\t\t\t\t\t<div class=\"elementor-background-overlay\"><\/div>\n\t\t\t\t\t\t\t<div class=\"elementor-container elementor-column-gap-no\">\n\t\t\t\t\t<div class=\"elementor-column elementor-col-100 elementor-top-column elementor-element elementor-element-a0a27b9\" data-id=\"a0a27b9\" data-element_type=\"column\" data-e-type=\"column\">\n\t\t\t<div class=\"elementor-widget-wrap elementor-element-populated\">\n\t\t\t\t\t\t<section class=\"elementor-section elementor-inner-section elementor-element elementor-element-1b12d88 elementor-section-full_width elementor-section-height-default elementor-section-height-default\" data-id=\"1b12d88\" data-element_type=\"section\" data-e-type=\"section\">\n\t\t\t\t\t\t\t<div class=\"elementor-background-overlay\"><\/div>\n\t\t\t\t\t\t\t<div class=\"elementor-container elementor-column-gap-no\">\n\t\t\t\t\t<div class=\"elementor-column elementor-col-100 elementor-inner-column elementor-element elementor-element-e51bfb7\" data-id=\"e51bfb7\" data-element_type=\"column\" data-e-type=\"column\">\n\t\t\t<div class=\"elementor-widget-wrap elementor-element-populated\">\n\t\t\t\t\t\t<div class=\"elementor-element elementor-element-04d5998 elementor-widget__width-initial elementor-widget elementor-widget-heading\" data-id=\"04d5998\" data-element_type=\"widget\" data-e-type=\"widget\" data-widget_type=\"heading.default\">\n\t\t\t\t<div class=\"elementor-widget-container\">\n\t\t\t\t\t<h2 class=\"elementor-heading-title elementor-size-default\">Visi\u00f3n<\/h2>\t\t\t\t<\/div>\n\t\t\t\t<\/div>\n\t\t\t\t\t<\/div>\n\t\t<\/div>\n\t\t\t\t\t<\/div>\n\t\t<\/section>\n\t\t\t\t\t<\/div>\n\t\t<\/div>\n\t\t\t\t\t<\/div>\n\t\t<\/section>\n\t\t\t\t<section class=\"elementor-section elementor-top-section elementor-element elementor-element-2aa6f36 elementor-section-boxed elementor-section-height-default elementor-section-height-default\" data-id=\"2aa6f36\" data-element_type=\"section\" data-e-type=\"section\">\n\t\t\t\t\t\t<div class=\"elementor-container elementor-column-gap-default\">\n\t\t\t\t\t<div class=\"elementor-column elementor-col-100 elementor-top-column elementor-element elementor-element-36f4255\" data-id=\"36f4255\" data-element_type=\"column\" data-e-type=\"column\">\n\t\t\t<div class=\"elementor-widget-wrap elementor-element-populated\">\n\t\t\t\t\t\t<section class=\"elementor-section elementor-inner-section elementor-element elementor-element-ad45576 elementor-section-boxed elementor-section-height-default elementor-section-height-default\" data-id=\"ad45576\" data-element_type=\"section\" data-e-type=\"section\">\n\t\t\t\t\t\t<div class=\"elementor-container elementor-column-gap-no\">\n\t\t\t\t\t<div class=\"elementor-column elementor-col-100 elementor-inner-column elementor-element elementor-element-1bbfd0b\" data-id=\"1bbfd0b\" data-element_type=\"column\" data-e-type=\"column\">\n\t\t\t<div class=\"elementor-widget-wrap elementor-element-populated\">\n\t\t\t\t\t\t<div class=\"elementor-element elementor-element-3ba9194 elementor-widget elementor-widget-heading\" data-id=\"3ba9194\" data-element_type=\"widget\" data-e-type=\"widget\" data-widget_type=\"heading.default\">\n\t\t\t\t<div class=\"elementor-widget-container\">\n\t\t\t\t\t<h2 class=\"elementor-heading-title elementor-size-default\">Misi\u00f3n del Legado de Abundancia<\/h2>\t\t\t\t<\/div>\n\t\t\t\t<\/div>\n\t\t\t\t<div class=\"elementor-element elementor-element-e90533f elementor-widget elementor-widget-heading\" data-id=\"e90533f\" data-element_type=\"widget\" data-e-type=\"widget\" data-widget_type=\"heading.default\">\n\t\t\t\t<div class=\"elementor-widget-container\">\n\t\t\t\t\t<h2 class=\"elementor-heading-title elementor-size-default\"> Aprender. Descubrimiento. Compromiso. <\/h2>\t\t\t\t<\/div>\n\t\t\t\t<\/div>\n\t\t\t\t<div class=\"elementor-element elementor-element-c134fcc elementor-widget elementor-widget-heading\" data-id=\"c134fcc\" data-element_type=\"widget\" data-e-type=\"widget\" data-widget_type=\"heading.default\">\n\t\t\t\t<div class=\"elementor-widget-container\">\n\t\t\t\t\t<h2 class=\"elementor-heading-title elementor-size-default\">La visi\u00f3n principal de Abundance Legacy Inc. es aumentar significativamente la conciencia de las personas sobre c\u00f3mo ser pensadores cr\u00edticos mediante la toma de decisiones y elecciones saludables en sus vidas para obtener mejores resultados.  Para lograr esta visi\u00f3n, la gente aprender\u00e1 a desarrollar un vocabulario diferente, mentalidad y plan real en la forma de empezar a mejorar sus vidas y relaciones.<\/h2>\t\t\t\t<\/div>\n\t\t\t\t<\/div>\n\t\t\t\t<div class=\"elementor-element elementor-element-a7aede1 elementor-widget elementor-widget-image\" data-id=\"a7aede1\" data-element_type=\"widget\" data-e-type=\"widget\" data-widget_type=\"image.default\">\n\t\t\t\t<div class=\"elementor-widget-container\">\n\t\t\t\t\t\t\t\t\t\t\t\t\t\t\t<img fetchpriority=\"high\" decoding=\"async\" width=\"800\" height=\"352\" src=\"https:\/\/abundancelegacy.org\/wp-content\/uploads\/2022\/10\/recognition-2-1-1024x450.jpg\" class=\"attachment-large size-large wp-image-1299\" alt=\"\" srcset=\"https:\/\/abundancelegacy.org\/wp-content\/uploads\/2022\/10\/recognition-2-1-1024x450.jpg 1024w, https:\/\/abundancelegacy.org\/wp-content\/uploads\/2022\/10\/recognition-2-1-300x132.jpg 300w, https:\/\/abundancelegacy.org\/wp-content\/uploads\/2022\/10\/recognition-2-1-768x337.jpg 768w, https:\/\/abundancelegacy.org\/wp-content\/uploads\/2022\/10\/recognition-2-1-18x8.jpg 18w, https:\/\/abundancelegacy.org\/wp-content\/uploads\/2022\/10\/recognition-2-1-600x264.jpg 600w, https:\/\/abundancelegacy.org\/wp-content\/uploads\/2022\/10\/recognition-2-1.jpg 1500w\" sizes=\"(max-width: 800px) 100vw, 800px\" \/>\t\t\t\t\t\t\t\t\t\t\t\t\t\t\t<\/div>\n\t\t\t\t<\/div>\n\t\t\t\t<div class=\"elementor-element elementor-element-b2a6210 elementor-widget elementor-widget-heading\" data-id=\"b2a6210\" data-element_type=\"widget\" data-e-type=\"widget\" data-widget_type=\"heading.default\">\n\t\t\t\t<div class=\"elementor-widget-container\">\n\t\t\t\t\t<h2 class=\"elementor-heading-title elementor-size-default\">Visi\u00f3n del Legado de Abundancia<\/h2>\t\t\t\t<\/div>\n\t\t\t\t<\/div>\n\t\t\t\t<div class=\"elementor-element elementor-element-28e63e2 elementor-widget elementor-widget-heading\" data-id=\"28e63e2\" data-element_type=\"widget\" data-e-type=\"widget\" data-widget_type=\"heading.default\">\n\t\t\t\t<div class=\"elementor-widget-container\">\n\t\t\t\t\t<h2 class=\"elementor-heading-title elementor-size-default\">El plan de acci\u00f3n se ha sugerido como uno de los medios m\u00e1s ventajosos para comprender los retos que implican un refuerzo positivo para los avances personales.  Tambi\u00e9n es necesario explorar su espiritualidad, relaciones sociales, emociones y salud; las influencias comunitarias y culturales; y los patrones contextuales en los comportamientos de salud para, en \u00faltima instancia, establecer c\u00f3mo mejorar\u00e1n sus vidas. Esto se lograr\u00e1 a trav\u00e9s de la conectividad diaria en las redes sociales, un podcast semanal, art\u00edculos, grupos de empoderamiento y talleres presenciales.<\/h2>\t\t\t\t<\/div>\n\t\t\t\t<\/div>\n\t\t\t\t<div class=\"elementor-element elementor-element-d2d864c elementor-widget elementor-widget-spacer\" data-id=\"d2d864c\" data-element_type=\"widget\" data-e-type=\"widget\" data-widget_type=\"spacer.default\">\n\t\t\t\t<div class=\"elementor-widget-container\">\n\t\t\t\t\t\t\t<div class=\"elementor-spacer\">\n\t\t\t<div class=\"elementor-spacer-inner\"><\/div>\n\t\t<\/div>\n\t\t\t\t\t\t<\/div>\n\t\t\t\t<\/div>\n\t\t\t\t<div class=\"elementor-element elementor-element-92d3ac5 elementor-widget elementor-widget-heading\" data-id=\"92d3ac5\" data-element_type=\"widget\" data-e-type=\"widget\" data-widget_type=\"heading.default\">\n\t\t\t\t<div class=\"elementor-widget-container\">\n\t\t\t\t\t<h2 class=\"elementor-heading-title elementor-size-default\">Valores fundamentales del Legado de Abundancia <\/h2>\t\t\t\t<\/div>\n\t\t\t\t<\/div>\n\t\t\t\t<div class=\"elementor-element elementor-element-9d31099 elementor-widget elementor-widget-heading\" data-id=\"9d31099\" data-element_type=\"widget\" data-e-type=\"widget\" data-widget_type=\"heading.default\">\n\t\t\t\t<div class=\"elementor-widget-container\">\n\t\t\t\t\t<h2 class=\"elementor-heading-title elementor-size-default\">Confianza: Somos asesores de confianza.<\/h2>\t\t\t\t<\/div>\n\t\t\t\t<\/div>\n\t\t\t\t<div class=\"elementor-element elementor-element-d30ce37 elementor-widget elementor-widget-heading\" data-id=\"d30ce37\" data-element_type=\"widget\" data-e-type=\"widget\" data-widget_type=\"heading.default\">\n\t\t\t\t<div class=\"elementor-widget-container\">\n\t\t\t\t\t<h2 class=\"elementor-heading-title elementor-size-default\">Nos ganamos la confianza de nuestros clientes, empleados y familia ampliada a trav\u00e9s de la transparencia, la seguridad, el cumplimiento, la privacidad y el rendimiento. Ofrecemos la infraestructura m\u00e1s fiable del sector.<\/h2>\t\t\t\t<\/div>\n\t\t\t\t<\/div>\n\t\t\t\t<div class=\"elementor-element elementor-element-0489388 elementor-widget elementor-widget-heading\" data-id=\"0489388\" data-element_type=\"widget\" data-e-type=\"widget\" data-widget_type=\"heading.default\">\n\t\t\t\t<div class=\"elementor-widget-container\">\n\t\t\t\t\t<h2 class=\"elementor-heading-title elementor-size-default\">\u00c9xito de los clientes: Cuando nuestros clientes tienen \u00e9xito, nosotros tambi\u00e9n.<\/h2>\t\t\t\t<\/div>\n\t\t\t\t<\/div>\n\t\t\t\t<div class=\"elementor-element elementor-element-67767b8 elementor-widget elementor-widget-heading\" data-id=\"67767b8\" data-element_type=\"widget\" data-e-type=\"widget\" data-widget_type=\"heading.default\">\n\t\t\t\t<div class=\"elementor-widget-container\">\n\t\t\t\t\t<h2 class=\"elementor-heading-title elementor-size-default\">Defendemos a nuestros clientes para que consigan cosas extraordinarias. Innovamos y ampliamos nuestra oferta empresarial para ofrecer a todos nuestros grupos de inter\u00e9s nuevas v\u00edas para alcanzar un \u00e9xito cada vez mayor.<\/h2>\t\t\t\t<\/div>\n\t\t\t\t<\/div>\n\t\t\t\t<div class=\"elementor-element elementor-element-0558297 elementor-widget elementor-widget-heading\" data-id=\"0558297\" data-element_type=\"widget\" data-e-type=\"widget\" data-widget_type=\"heading.default\">\n\t\t\t\t<div class=\"elementor-widget-container\">\n\t\t\t\t\t<h2 class=\"elementor-heading-title elementor-size-default\">Innovaci\u00f3n: Innovamos juntos.<\/h2>\t\t\t\t<\/div>\n\t\t\t\t<\/div>\n\t\t\t\t<div class=\"elementor-element elementor-element-f4d0e0c elementor-widget elementor-widget-heading\" data-id=\"f4d0e0c\" data-element_type=\"widget\" data-e-type=\"widget\" data-widget_type=\"heading.default\">\n\t\t\t\t<div class=\"elementor-widget-container\">\n\t\t\t\t\t<h2 class=\"elementor-heading-title elementor-size-default\">Las aportaciones de nuestros clientes nos ayudan a desarrollar productos que respondan mejor a sus necesidades de crecimiento y desarrollo personal. Ofrecemos una programaci\u00f3n continua y nuevas iniciativas que proporcionan a nuestros clientes una ventaja competitiva.<\/h2>\t\t\t\t<\/div>\n\t\t\t\t<\/div>\n\t\t\t\t<div class=\"elementor-element elementor-element-1a51258 elementor-widget elementor-widget-heading\" data-id=\"1a51258\" data-element_type=\"widget\" data-e-type=\"widget\" data-widget_type=\"heading.default\">\n\t\t\t\t<div class=\"elementor-widget-container\">\n\t\t\t\t\t<h2 class=\"elementor-heading-title elementor-size-default\">Igualdad: Todo el mundo merece las mismas oportunidades.<\/h2>\t\t\t\t<\/div>\n\t\t\t\t<\/div>\n\t\t\t\t<div class=\"elementor-element elementor-element-4bc9dfa elementor-widget elementor-widget-heading\" data-id=\"4bc9dfa\" data-element_type=\"widget\" data-e-type=\"widget\" data-widget_type=\"heading.default\">\n\t\t\t\t<div class=\"elementor-widget-container\">\n\t\t\t\t\t<h2 class=\"elementor-heading-title elementor-size-default\">Creemos que todo el mundo debe ser visto, escuchado, valorado y capacitado para tener \u00e9xito. Escuchar diversas perspectivas alimenta la innovaci\u00f3n, profundiza las conexiones entre las personas y nos convierte en una empresa mejor.<\/h2>\t\t\t\t<\/div>\n\t\t\t\t<\/div>\n\t\t\t\t\t<\/div>\n\t\t<\/div>\n\t\t\t\t\t<\/div>\n\t\t<\/section>\n\t\t\t\t\t<\/div>\n\t\t<\/div>\n\t\t\t\t\t<\/div>\n\t\t<\/section>\n\t\t\t\t<section class=\"elementor-section elementor-top-section elementor-element elementor-element-72ac3f3 elementor-section-boxed elementor-section-height-default elementor-section-height-default\" data-id=\"72ac3f3\" data-element_type=\"section\" data-e-type=\"section\" data-settings=\"{&quot;background_background&quot;:&quot;classic&quot;}\">\n\t\t\t\t\t\t<div class=\"elementor-container elementor-column-gap-extended\">\n\t\t\t\t\t<div class=\"elementor-column elementor-col-50 elementor-top-column elementor-element elementor-element-87e153f\" data-id=\"87e153f\" data-element_type=\"column\" data-e-type=\"column\">\n\t\t\t<div class=\"elementor-widget-wrap elementor-element-populated\">\n\t\t\t\t\t\t<div class=\"elementor-element elementor-element-5fbeadb elementor-widget elementor-widget-image\" data-id=\"5fbeadb\" data-element_type=\"widget\" data-e-type=\"widget\" data-widget_type=\"image.default\">\n\t\t\t\t<div class=\"elementor-widget-container\">\n\t\t\t\t\t\t\t\t\t\t\t\t\t\t\t\t<a href=\"https:\/\/abundancelegacy.org\/es\/meet-the-board\/\">\n\t\t\t\t\t\t\t<img decoding=\"async\" width=\"800\" height=\"534\" src=\"https:\/\/abundancelegacy.org\/wp-content\/uploads\/2022\/10\/Iona-and-friends-1024x683.jpg\" class=\"elementor-animation-grow attachment-large size-large wp-image-642\" alt=\"\" srcset=\"https:\/\/abundancelegacy.org\/wp-content\/uploads\/2022\/10\/Iona-and-friends-1024x683.jpg 1024w, https:\/\/abundancelegacy.org\/wp-content\/uploads\/2022\/10\/Iona-and-friends-300x200.jpg 300w, https:\/\/abundancelegacy.org\/wp-content\/uploads\/2022\/10\/Iona-and-friends-768x512.jpg 768w, https:\/\/abundancelegacy.org\/wp-content\/uploads\/2022\/10\/Iona-and-friends-1536x1024.jpg 1536w, https:\/\/abundancelegacy.org\/wp-content\/uploads\/2022\/10\/Iona-and-friends-2048x1365.jpg 2048w, https:\/\/abundancelegacy.org\/wp-content\/uploads\/2022\/10\/Iona-and-friends-18x12.jpg 18w, https:\/\/abundancelegacy.org\/wp-content\/uploads\/2022\/10\/Iona-and-friends-600x400.jpg 600w\" sizes=\"(max-width: 800px) 100vw, 800px\" \/>\t\t\t\t\t\t\t\t<\/a>\n\t\t\t\t\t\t\t\t\t\t\t\t\t\t\t<\/div>\n\t\t\t\t<\/div>\n\t\t\t\t<div class=\"elementor-element elementor-element-088b236 elementor-widget__width-auto elementor-widget elementor-widget-button\" data-id=\"088b236\" data-element_type=\"widget\" data-e-type=\"widget\" data-widget_type=\"button.default\">\n\t\t\t\t<div class=\"elementor-widget-container\">\n\t\t\t\t\t\t\t\t\t<div class=\"elementor-button-wrapper\">\n\t\t\t\t\t<a class=\"elementor-button elementor-button-link elementor-size-md\" href=\"https:\/\/abundancelegacy.org\/es\/meet-the-board\/\">\n\t\t\t\t\t\t<span class=\"elementor-button-content-wrapper\">\n\t\t\t\t\t\t<span class=\"elementor-button-icon\">\n\t\t\t\t<i aria-hidden=\"true\" class=\"fas fa-chevron-right\"><\/i>\t\t\t<\/span>\n\t\t\t\t\t\t\t\t\t<span class=\"elementor-button-text\">Conozca al Consejo<\/span>\n\t\t\t\t\t<\/span>\n\t\t\t\t\t<\/a>\n\t\t\t\t<\/div>\n\t\t\t\t\t\t\t\t<\/div>\n\t\t\t\t<\/div>\n\t\t\t\t\t<\/div>\n\t\t<\/div>\n\t\t\t\t<div class=\"elementor-column elementor-col-50 elementor-top-column elementor-element elementor-element-ebd3a55\" data-id=\"ebd3a55\" data-element_type=\"column\" data-e-type=\"column\">\n\t\t\t<div class=\"elementor-widget-wrap elementor-element-populated\">\n\t\t\t\t\t\t<div class=\"elementor-element elementor-element-87e3947 elementor-widget elementor-widget-image\" data-id=\"87e3947\" data-element_type=\"widget\" data-e-type=\"widget\" data-widget_type=\"image.default\">\n\t\t\t\t<div class=\"elementor-widget-container\">\n\t\t\t\t\t\t\t\t\t\t\t\t\t\t\t\t<a href=\"https:\/\/abundancelegacy.org\/es\/meet-the-staff\/\">\n\t\t\t\t\t\t\t<img decoding=\"async\" width=\"800\" height=\"250\" src=\"https:\/\/abundancelegacy.org\/wp-content\/uploads\/2022\/10\/faculty-hero-1024x320.jpg\" class=\"elementor-animation-grow attachment-large size-large wp-image-483\" alt=\"\" srcset=\"https:\/\/abundancelegacy.org\/wp-content\/uploads\/2022\/10\/faculty-hero-1024x320.jpg 1024w, https:\/\/abundancelegacy.org\/wp-content\/uploads\/2022\/10\/faculty-hero-300x94.jpg 300w, https:\/\/abundancelegacy.org\/wp-content\/uploads\/2022\/10\/faculty-hero-768x240.jpg 768w, https:\/\/abundancelegacy.org\/wp-content\/uploads\/2022\/10\/faculty-hero-1536x480.jpg 1536w, https:\/\/abundancelegacy.org\/wp-content\/uploads\/2022\/10\/faculty-hero-18x6.jpg 18w, https:\/\/abundancelegacy.org\/wp-content\/uploads\/2022\/10\/faculty-hero-600x187.jpg 600w, https:\/\/abundancelegacy.org\/wp-content\/uploads\/2022\/10\/faculty-hero.jpg 2045w\" sizes=\"(max-width: 800px) 100vw, 800px\" \/>\t\t\t\t\t\t\t\t<\/a>\n\t\t\t\t\t\t\t\t\t\t\t\t\t\t\t<\/div>\n\t\t\t\t<\/div>\n\t\t\t\t<div class=\"elementor-element elementor-element-11aa534 elementor-widget__width-auto elementor-widget elementor-widget-button\" data-id=\"11aa534\" data-element_type=\"widget\" data-e-type=\"widget\" data-widget_type=\"button.default\">\n\t\t\t\t<div class=\"elementor-widget-container\">\n\t\t\t\t\t\t\t\t\t<div class=\"elementor-button-wrapper\">\n\t\t\t\t\t<a class=\"elementor-button elementor-button-link elementor-size-md\" href=\"https:\/\/abundancelegacy.org\/es\/meet-the-staff\/\">\n\t\t\t\t\t\t<span class=\"elementor-button-content-wrapper\">\n\t\t\t\t\t\t<span class=\"elementor-button-icon\">\n\t\t\t\t<i aria-hidden=\"true\" class=\"fas fa-chevron-right\"><\/i>\t\t\t<\/span>\n\t\t\t\t\t\t\t\t\t<span class=\"elementor-button-text\">Conozca al personal<\/span>\n\t\t\t\t\t<\/span>\n\t\t\t\t\t<\/a>\n\t\t\t\t<\/div>\n\t\t\t\t\t\t\t\t<\/div>\n\t\t\t\t<\/div>\n\t\t\t\t\t<\/div>\n\t\t<\/div>\n\t\t\t\t\t<\/div>\n\t\t<\/section>\n\t\t\t\t<\/div>","protected":false},"excerpt":{"rendered":"<p>Vision Abundance Legacy Mission Learning. Discovery. Engagement. The primary vision of Abundance Legacy Inc. is to significantly increase awareness of people on how to be critical thinkers by making healthy [&hellip;]<\/p>\n","protected":false},"author":1,"featured_media":0,"parent":0,"menu_order":0,"comment_status":"closed","ping_status":"closed","template":"elementor_header_footer","meta":{"footnotes":""},"class_list":["post-722","page","type-page","status-publish","hentry"],"_links":{"self":[{"href":"https:\/\/abundancelegacy.org\/es\/wp-json\/wp\/v2\/pages\/722","targetHints":{"allow":["GET"]}}],"collection":[{"href":"https:\/\/abundancelegacy.org\/es\/wp-json\/wp\/v2\/pages"}],"about":[{"href":"https:\/\/abundancelegacy.org\/es\/wp-json\/wp\/v2\/types\/page"}],"author":[{"embeddable":true,"href":"https:\/\/abundancelegacy.org\/es\/wp-json\/wp\/v2\/users\/1"}],"replies":[{"embeddable":true,"href":"https:\/\/abundancelegacy.org\/es\/wp-json\/wp\/v2\/comments?post=722"}],"version-history":[{"count":62,"href":"https:\/\/abundancelegacy.org\/es\/wp-json\/wp\/v2\/pages\/722\/revisions"}],"predecessor-version":[{"id":2215,"href":"https:\/\/abundancelegacy.org\/es\/wp-json\/wp\/v2\/pages\/722\/revisions\/2215"}],"wp:attachment":[{"href":"https:\/\/abundancelegacy.org\/es\/wp-json\/wp\/v2\/media?parent=722"}],"curies":[{"name":"wp","href":"https:\/\/api.w.org\/{rel}","templated":true}]}}