{"id":177,"date":"2022-10-13T12:42:43","date_gmt":"2022-10-13T12:42:43","guid":{"rendered":"https:\/\/abundancelegacy.org\/?page_id=177"},"modified":"2023-03-08T04:55:57","modified_gmt":"2023-03-08T04:55:57","slug":"womens-empowerment-group","status":"publish","type":"page","link":"https:\/\/abundancelegacy.org\/es\/womens-empowerment-group\/","title":{"rendered":"Grupo de Empoderamiento de Mujeres"},"content":{"rendered":"<div data-elementor-type=\"wp-page\" data-elementor-id=\"177\" class=\"elementor elementor-177\" data-elementor-post-type=\"page\">\n\t\t\t\t\t\t<section class=\"elementor-section elementor-top-section elementor-element elementor-element-6e17383 elementor-section-height-min-height elementor-section-full_width elementor-section-items-bottom elementor-section-height-default\" data-id=\"6e17383\" data-element_type=\"section\" data-e-type=\"section\" data-settings=\"{&quot;background_background&quot;:&quot;classic&quot;}\">\n\t\t\t\t\t\t\t<div class=\"elementor-background-overlay\"><\/div>\n\t\t\t\t\t\t\t<div class=\"elementor-container elementor-column-gap-no\">\n\t\t\t\t\t<div class=\"elementor-column elementor-col-100 elementor-top-column elementor-element elementor-element-a1e8ab0\" data-id=\"a1e8ab0\" data-element_type=\"column\" data-e-type=\"column\">\n\t\t\t<div class=\"elementor-widget-wrap elementor-element-populated\">\n\t\t\t\t\t\t<section class=\"elementor-section elementor-inner-section elementor-element elementor-element-18c86dc elementor-section-full_width elementor-section-height-default elementor-section-height-default\" data-id=\"18c86dc\" data-element_type=\"section\" data-e-type=\"section\">\n\t\t\t\t\t\t\t<div class=\"elementor-background-overlay\"><\/div>\n\t\t\t\t\t\t\t<div class=\"elementor-container elementor-column-gap-no\">\n\t\t\t\t\t<div class=\"elementor-column elementor-col-100 elementor-inner-column elementor-element elementor-element-f4956f7\" data-id=\"f4956f7\" data-element_type=\"column\" data-e-type=\"column\">\n\t\t\t<div class=\"elementor-widget-wrap elementor-element-populated\">\n\t\t\t\t\t\t<div class=\"elementor-element elementor-element-ff2f289 elementor-widget__width-initial elementor-widget elementor-widget-heading\" data-id=\"ff2f289\" data-element_type=\"widget\" data-e-type=\"widget\" data-widget_type=\"heading.default\">\n\t\t\t\t<div class=\"elementor-widget-container\">\n\t\t\t\t\t<h2 class=\"elementor-heading-title elementor-size-default\">Grupo de capacitaci\u00f3n de mujeres<\/h2>\t\t\t\t<\/div>\n\t\t\t\t<\/div>\n\t\t\t\t\t<\/div>\n\t\t<\/div>\n\t\t\t\t\t<\/div>\n\t\t<\/section>\n\t\t\t\t\t<\/div>\n\t\t<\/div>\n\t\t\t\t\t<\/div>\n\t\t<\/section>\n\t\t\t\t<section class=\"elementor-section elementor-top-section elementor-element elementor-element-9f77cb6 elementor-section-content-middle elementor-section-boxed elementor-section-height-default elementor-section-height-default\" data-id=\"9f77cb6\" data-element_type=\"section\" data-e-type=\"section\" data-settings=\"{&quot;background_background&quot;:&quot;classic&quot;}\">\n\t\t\t\t\t\t<div class=\"elementor-container elementor-column-gap-default\">\n\t\t\t\t\t<div class=\"elementor-column elementor-col-50 elementor-top-column elementor-element elementor-element-f800bb3\" data-id=\"f800bb3\" data-element_type=\"column\" data-e-type=\"column\">\n\t\t\t<div class=\"elementor-widget-wrap elementor-element-populated\">\n\t\t\t\t\t\t<div class=\"elementor-element elementor-element-88da044 elementor-widget elementor-widget-html\" data-id=\"88da044\" data-element_type=\"widget\" data-e-type=\"widget\" data-widget_type=\"html.default\">\n\t\t\t\t<div class=\"elementor-widget-container\">\n\t\t\t\t\t<script src=\"https:\/\/fast.wistia.com\/embed\/medias\/ge22i4v61b.jsonp\" async><\/script><script src=\"https:\/\/fast.wistia.com\/assets\/external\/E-v1.js\" async><\/script><div class=\"wistia_responsive_padding\" style=\"padding:56.25% 0 0 0;position:relative;\"><div class=\"wistia_responsive_wrapper\" style=\"height:100%;left:0;position:absolute;top:0;width:100%;\"><div class=\"wistia_embed wistia_async_ge22i4v61b videoFoam=true\" style=\"height:100%;position:relative;width:100%\"><div class=\"wistia_swatch\" style=\"height:100%;left:0;opacity:0;overflow:hidden;position:absolute;top:0;transition:opacity 200ms;width:100%;\"><img decoding=\"async\" src=\"https:\/\/fast.wistia.com\/embed\/medias\/ge22i4v61b\/swatch\" style=\"filter:blur(5px);height:100%;object-fit:contain;width:100%;\" alt=\"\" aria-hidden=\"true\" onload=\"this.parentNode.style.opacity=1;\" \/><\/div><\/div><\/div><\/div>\t\t\t\t<\/div>\n\t\t\t\t<\/div>\n\t\t\t\t\t<\/div>\n\t\t<\/div>\n\t\t\t\t<div class=\"elementor-column elementor-col-50 elementor-top-column elementor-element elementor-element-d314cad\" data-id=\"d314cad\" data-element_type=\"column\" data-e-type=\"column\">\n\t\t\t<div class=\"elementor-widget-wrap elementor-element-populated\">\n\t\t\t\t\t\t<div class=\"elementor-element elementor-element-bb1adda elementor-widget elementor-widget-heading\" data-id=\"bb1adda\" data-element_type=\"widget\" data-e-type=\"widget\" data-widget_type=\"heading.default\">\n\t\t\t\t<div class=\"elementor-widget-container\">\n\t\t\t\t\t<h2 class=\"elementor-heading-title elementor-size-default\">Nuestra historia:<\/h2>\t\t\t\t<\/div>\n\t\t\t\t<\/div>\n\t\t\t\t<div class=\"elementor-element elementor-element-77c71c9 elementor-widget elementor-widget-heading\" data-id=\"77c71c9\" data-element_type=\"widget\" data-e-type=\"widget\" data-widget_type=\"heading.default\">\n\t\t\t\t<div class=\"elementor-widget-container\">\n\t\t\t\t\t<h2 class=\"elementor-heading-title elementor-size-default\">Un grupo de mujeres nos reunimos para compartir ideas, hacer preguntas, ser vulnerables y analizar nuestras experiencias. El principal requisito del grupo es que no se emitiera, observara ni permitiera juicio alguno. Se abrieron las compuertas y todos nos sentimos c\u00f3modos debatiendo de forma hol\u00edstica sobre creencias religiosas, todo tipo de relaciones, salud o lo que estuviera ocurriendo en cada momento de nuestras vidas. Los pensamientos y las ideas que compartimos, el valor que obtuvimos al compartir nuestras experiencias, nos impulsaron a abrirlo a mujeres de fuera de nuestro grupo, dando origen al Grupo de Empoderamiento de las Mujeres.<\/h2>\t\t\t\t<\/div>\n\t\t\t\t<\/div>\n\t\t\t\t\t<\/div>\n\t\t<\/div>\n\t\t\t\t\t<\/div>\n\t\t<\/section>\n\t\t\t\t<section class=\"elementor-section elementor-top-section elementor-element elementor-element-572cab9 elementor-section-content-middle elementor-section-boxed elementor-section-height-default elementor-section-height-default\" data-id=\"572cab9\" data-element_type=\"section\" data-e-type=\"section\" data-settings=\"{&quot;background_background&quot;:&quot;classic&quot;}\">\n\t\t\t\t\t\t<div class=\"elementor-container elementor-column-gap-default\">\n\t\t\t\t\t<div class=\"elementor-column elementor-col-50 elementor-top-column elementor-element elementor-element-02b19c3\" data-id=\"02b19c3\" data-element_type=\"column\" data-e-type=\"column\">\n\t\t\t<div class=\"elementor-widget-wrap elementor-element-populated\">\n\t\t\t\t\t\t<div class=\"elementor-element elementor-element-836a09b elementor-widget elementor-widget-heading\" data-id=\"836a09b\" data-element_type=\"widget\" data-e-type=\"widget\" data-widget_type=\"heading.default\">\n\t\t\t\t<div class=\"elementor-widget-container\">\n\t\t\t\t\t<h2 class=\"elementor-heading-title elementor-size-default\">Enfoque:<\/h2>\t\t\t\t<\/div>\n\t\t\t\t<\/div>\n\t\t\t\t<div class=\"elementor-element elementor-element-b5f36c9 elementor-widget elementor-widget-text-editor\" data-id=\"b5f36c9\" data-element_type=\"widget\" data-e-type=\"widget\" data-widget_type=\"text-editor.default\">\n\t\t\t\t<div class=\"elementor-widget-container\">\n\t\t\t\t\t\t\t\t\tHabr\u00e1 un panel de mujeres, entre ellas miembros de nuestro equipo y mujeres que se registran, y t\u00fa si quieres asistir. Abrimos el turno de palabra para que puedas hacer preguntas sobre salud, finanzas, religi\u00f3n y cualquier otro asunto, para que puedas compartir lo que piensas. Incluso si s\u00f3lo necesitas desahogarte en el momento, o si necesitas apoyo incluyendo cuestiones de salud mental o f\u00edsica o simplemente apoyo moral. No es por ser repetitivo, pero ser\u00e1 una sesi\u00f3n de grupo abierta y sin juicios en la que hablaremos abierta y hol\u00edsticamente de todo lo que te preocupe. \u00danete a nosotros.\t\t\t\t\t\t\t\t<\/div>\n\t\t\t\t<\/div>\n\t\t\t\t\t<\/div>\n\t\t<\/div>\n\t\t\t\t<div class=\"elementor-column elementor-col-50 elementor-top-column elementor-element elementor-element-d3a2c2a\" data-id=\"d3a2c2a\" data-element_type=\"column\" data-e-type=\"column\">\n\t\t\t<div class=\"elementor-widget-wrap elementor-element-populated\">\n\t\t\t\t\t\t<div class=\"elementor-element elementor-element-dee4c36 elementor-widget elementor-widget-image\" data-id=\"dee4c36\" data-element_type=\"widget\" data-e-type=\"widget\" data-widget_type=\"image.default\">\n\t\t\t\t<div class=\"elementor-widget-container\">\n\t\t\t\t\t\t\t\t\t\t\t\t\t\t\t<img fetchpriority=\"high\" decoding=\"async\" width=\"1600\" height=\"1829\" src=\"https:\/\/abundancelegacy.org\/wp-content\/uploads\/2022\/10\/saa.png\" class=\"attachment-full size-full wp-image-355\" alt=\"\" srcset=\"https:\/\/abundancelegacy.org\/wp-content\/uploads\/2022\/10\/saa.png 1600w, https:\/\/abundancelegacy.org\/wp-content\/uploads\/2022\/10\/saa-262x300.png 262w, https:\/\/abundancelegacy.org\/wp-content\/uploads\/2022\/10\/saa-896x1024.png 896w, https:\/\/abundancelegacy.org\/wp-content\/uploads\/2022\/10\/saa-768x878.png 768w, https:\/\/abundancelegacy.org\/wp-content\/uploads\/2022\/10\/saa-1344x1536.png 1344w, https:\/\/abundancelegacy.org\/wp-content\/uploads\/2022\/10\/saa-10x12.png 10w, https:\/\/abundancelegacy.org\/wp-content\/uploads\/2022\/10\/saa-600x686.png 600w\" sizes=\"(max-width: 1600px) 100vw, 1600px\" \/>\t\t\t\t\t\t\t\t\t\t\t\t\t\t\t<\/div>\n\t\t\t\t<\/div>\n\t\t\t\t\t<\/div>\n\t\t<\/div>\n\t\t\t\t\t<\/div>\n\t\t<\/section>\n\t\t\t\t<section class=\"elementor-section elementor-top-section elementor-element elementor-element-7bcca17 elementor-section-boxed elementor-section-height-default elementor-section-height-default\" data-id=\"7bcca17\" data-element_type=\"section\" data-e-type=\"section\">\n\t\t\t\t\t\t<div class=\"elementor-container elementor-column-gap-default\">\n\t\t\t\t\t<div class=\"elementor-column elementor-col-50 elementor-top-column elementor-element elementor-element-34dda43\" data-id=\"34dda43\" data-element_type=\"column\" data-e-type=\"column\">\n\t\t\t<div class=\"elementor-widget-wrap elementor-element-populated\">\n\t\t\t\t\t\t<div class=\"elementor-element elementor-element-7bdd6bf elementor-widget elementor-widget-heading\" data-id=\"7bdd6bf\" data-element_type=\"widget\" data-e-type=\"widget\" data-widget_type=\"heading.default\">\n\t\t\t\t<div class=\"elementor-widget-container\">\n\t\t\t\t\t<h2 class=\"elementor-heading-title elementor-size-default\">Detalles:<\/h2>\t\t\t\t<\/div>\n\t\t\t\t<\/div>\n\t\t\t\t\t<\/div>\n\t\t<\/div>\n\t\t\t\t<div class=\"elementor-column elementor-col-50 elementor-top-column elementor-element elementor-element-1bfcd83\" data-id=\"1bfcd83\" data-element_type=\"column\" data-e-type=\"column\">\n\t\t\t<div class=\"elementor-widget-wrap elementor-element-populated\">\n\t\t\t\t\t\t<div class=\"elementor-element elementor-element-a83fd35 elementor-widget elementor-widget-toggle\" data-id=\"a83fd35\" data-element_type=\"widget\" data-e-type=\"widget\" data-widget_type=\"toggle.default\">\n\t\t\t\t<div class=\"elementor-widget-container\">\n\t\t\t\t\t\t\t<div class=\"elementor-toggle\">\n\t\t\t\t\t\t\t<div class=\"elementor-toggle-item\">\n\t\t\t\t\t<div id=\"elementor-tab-title-1761\" class=\"elementor-tab-title\" data-tab=\"1\" role=\"button\" aria-controls=\"elementor-tab-content-1761\" aria-expanded=\"false\">\n\t\t\t\t\t\t\t\t\t\t\t\t<span class=\"elementor-toggle-icon elementor-toggle-icon-right\" aria-hidden=\"true\">\n\t\t\t\t\t\t\t\t\t\t\t\t\t\t\t<span class=\"elementor-toggle-icon-closed\"><i class=\"fas fa-chevron-down\"><\/i><\/span>\n\t\t\t\t\t\t\t\t<span class=\"elementor-toggle-icon-opened\"><i class=\"elementor-toggle-icon-opened fas fa-chevron-up\"><\/i><\/span>\n\t\t\t\t\t\t\t\t\t\t\t\t\t<\/span>\n\t\t\t\t\t\t\t\t\t\t\t\t<a class=\"elementor-toggle-title\" tabindex=\"0\">Detalles de las reuniones\/sesiones:<\/a>\n\t\t\t\t\t<\/div>\n\n\t\t\t\t\t<div id=\"elementor-tab-content-1761\" class=\"elementor-tab-content elementor-clearfix\" data-tab=\"1\" role=\"region\" aria-labelledby=\"elementor-tab-title-1761\">Estas reuniones\/sesiones se celebran semanalmente los lunes de 19.00 a 20.00 horas. Inscr\u00edbase en <a href=\"https:\/\/secure.everyaction.com\/O6_a_sGLH0yPIuOzIo9WMw2\" rel=\"noopener\" target=\"_blank\">https:\/\/secure.everyaction.com\/O6_a_sGLH0yPIuOzIo9WMw2<\/a>. Nos vemos all\u00ed. No querr\u00e1 perd\u00e9rselo.<\/div>\n\t\t\t\t<\/div>\n\t\t\t\t\t\t\t\t<\/div>\n\t\t\t\t\t\t<\/div>\n\t\t\t\t<\/div>\n\t\t\t\t\t<\/div>\n\t\t<\/div>\n\t\t\t\t\t<\/div>\n\t\t<\/section>\n\t\t\t\t<section class=\"elementor-section elementor-top-section elementor-element elementor-element-66a4b0b elementor-section-boxed elementor-section-height-default elementor-section-height-default\" data-id=\"66a4b0b\" data-element_type=\"section\" data-e-type=\"section\">\n\t\t\t\t\t\t\t<div class=\"elementor-background-overlay\"><\/div>\n\t\t\t\t\t\t\t<div class=\"elementor-container elementor-column-gap-extended\">\n\t\t\t\t\t<div class=\"elementor-column elementor-col-50 elementor-top-column elementor-element elementor-element-08bcc83\" data-id=\"08bcc83\" data-element_type=\"column\" data-e-type=\"column\">\n\t\t\t<div class=\"elementor-widget-wrap elementor-element-populated\">\n\t\t\t\t\t\t<div class=\"elementor-element elementor-element-3fb1d0d elementor-widget elementor-widget-image\" data-id=\"3fb1d0d\" data-element_type=\"widget\" data-e-type=\"widget\" data-widget_type=\"image.default\">\n\t\t\t\t<div class=\"elementor-widget-container\">\n\t\t\t\t\t\t\t\t\t\t\t\t\t\t\t<img decoding=\"async\" width=\"800\" height=\"360\" src=\"https:\/\/abundancelegacy.org\/wp-content\/uploads\/2022\/10\/AdobeStock_137363399-1024x461.jpg\" class=\"elementor-animation-grow attachment-large size-large wp-image-984\" alt=\"\" srcset=\"https:\/\/abundancelegacy.org\/wp-content\/uploads\/2022\/10\/AdobeStock_137363399-1024x461.jpg 1024w, https:\/\/abundancelegacy.org\/wp-content\/uploads\/2022\/10\/AdobeStock_137363399-300x135.jpg 300w, https:\/\/abundancelegacy.org\/wp-content\/uploads\/2022\/10\/AdobeStock_137363399-768x346.jpg 768w, https:\/\/abundancelegacy.org\/wp-content\/uploads\/2022\/10\/AdobeStock_137363399-18x8.jpg 18w, https:\/\/abundancelegacy.org\/wp-content\/uploads\/2022\/10\/AdobeStock_137363399-600x270.jpg 600w, https:\/\/abundancelegacy.org\/wp-content\/uploads\/2022\/10\/AdobeStock_137363399.jpg 1536w\" sizes=\"(max-width: 800px) 100vw, 800px\" \/>\t\t\t\t\t\t\t\t\t\t\t\t\t\t\t<\/div>\n\t\t\t\t<\/div>\n\t\t\t\t<div class=\"elementor-element elementor-element-987ce58 elementor-widget__width-auto elementor-widget elementor-widget-button\" data-id=\"987ce58\" data-element_type=\"widget\" data-e-type=\"widget\" data-widget_type=\"button.default\">\n\t\t\t\t<div class=\"elementor-widget-container\">\n\t\t\t\t\t\t\t\t\t<div class=\"elementor-button-wrapper\">\n\t\t\t\t\t<a class=\"elementor-button elementor-button-link elementor-size-md\" href=\"https:\/\/abundancelegacy.org\/es\/mens-empowerment-group\/\">\n\t\t\t\t\t\t<span class=\"elementor-button-content-wrapper\">\n\t\t\t\t\t\t<span class=\"elementor-button-icon\">\n\t\t\t\t<i aria-hidden=\"true\" class=\"fas fa-chevron-right\"><\/i>\t\t\t<\/span>\n\t\t\t\t\t\t\t\t\t<span class=\"elementor-button-text\">Grupo de capacitaci\u00f3n de hombres<\/span>\n\t\t\t\t\t<\/span>\n\t\t\t\t\t<\/a>\n\t\t\t\t<\/div>\n\t\t\t\t\t\t\t\t<\/div>\n\t\t\t\t<\/div>\n\t\t\t\t\t<\/div>\n\t\t<\/div>\n\t\t\t\t<div class=\"elementor-column elementor-col-50 elementor-top-column elementor-element elementor-element-c4fcc3f\" data-id=\"c4fcc3f\" data-element_type=\"column\" data-e-type=\"column\">\n\t\t\t<div class=\"elementor-widget-wrap elementor-element-populated\">\n\t\t\t\t\t\t<div class=\"elementor-element elementor-element-f879723 elementor-widget elementor-widget-image\" data-id=\"f879723\" data-element_type=\"widget\" data-e-type=\"widget\" data-widget_type=\"image.default\">\n\t\t\t\t<div class=\"elementor-widget-container\">\n\t\t\t\t\t\t\t\t\t\t\t\t\t\t\t<img decoding=\"async\" width=\"800\" height=\"534\" src=\"https:\/\/abundancelegacy.org\/wp-content\/uploads\/2022\/10\/19-1024x683.jpg\" class=\"elementor-animation-grow attachment-large size-large wp-image-372\" alt=\"\" srcset=\"https:\/\/abundancelegacy.org\/wp-content\/uploads\/2022\/10\/19-1024x683.jpg 1024w, https:\/\/abundancelegacy.org\/wp-content\/uploads\/2022\/10\/19-300x200.jpg 300w, https:\/\/abundancelegacy.org\/wp-content\/uploads\/2022\/10\/19-768x512.jpg 768w, https:\/\/abundancelegacy.org\/wp-content\/uploads\/2022\/10\/19-1536x1024.jpg 1536w, https:\/\/abundancelegacy.org\/wp-content\/uploads\/2022\/10\/19-18x12.jpg 18w, https:\/\/abundancelegacy.org\/wp-content\/uploads\/2022\/10\/19-600x400.jpg 600w, https:\/\/abundancelegacy.org\/wp-content\/uploads\/2022\/10\/19.jpg 1920w\" sizes=\"(max-width: 800px) 100vw, 800px\" \/>\t\t\t\t\t\t\t\t\t\t\t\t\t\t\t<\/div>\n\t\t\t\t<\/div>\n\t\t\t\t<div class=\"elementor-element elementor-element-36d581c elementor-widget__width-auto elementor-widget elementor-widget-button\" data-id=\"36d581c\" data-element_type=\"widget\" data-e-type=\"widget\" data-widget_type=\"button.default\">\n\t\t\t\t<div class=\"elementor-widget-container\">\n\t\t\t\t\t\t\t\t\t<div class=\"elementor-button-wrapper\">\n\t\t\t\t\t<a class=\"elementor-button elementor-button-link elementor-size-md\" href=\"https:\/\/abundancelegacy.org\/es\/hump-day-support-group\/\">\n\t\t\t\t\t\t<span class=\"elementor-button-content-wrapper\">\n\t\t\t\t\t\t<span class=\"elementor-button-icon\">\n\t\t\t\t<i aria-hidden=\"true\" class=\"fas fa-chevron-right\"><\/i>\t\t\t<\/span>\n\t\t\t\t\t\t\t\t\t<span class=\"elementor-button-text\">Grupo de apoyo del D\u00eda Hump<\/span>\n\t\t\t\t\t<\/span>\n\t\t\t\t\t<\/a>\n\t\t\t\t<\/div>\n\t\t\t\t\t\t\t\t<\/div>\n\t\t\t\t<\/div>\n\t\t\t\t\t<\/div>\n\t\t<\/div>\n\t\t\t\t\t<\/div>\n\t\t<\/section>\n\t\t\t\t<\/div>","protected":false},"excerpt":{"rendered":"<p>Women\u2019s Empowerment Group Our Story: A group of women came together looking to be able to share ideas, ask questions, be vulnerable, and analyze our experiences. The main requirement of [&hellip;]<\/p>\n","protected":false},"author":1,"featured_media":0,"parent":0,"menu_order":0,"comment_status":"closed","ping_status":"closed","template":"elementor_header_footer","meta":{"footnotes":""},"class_list":["post-177","page","type-page","status-publish","hentry"],"_links":{"self":[{"href":"https:\/\/abundancelegacy.org\/es\/wp-json\/wp\/v2\/pages\/177","targetHints":{"allow":["GET"]}}],"collection":[{"href":"https:\/\/abundancelegacy.org\/es\/wp-json\/wp\/v2\/pages"}],"about":[{"href":"https:\/\/abundancelegacy.org\/es\/wp-json\/wp\/v2\/types\/page"}],"author":[{"embeddable":true,"href":"https:\/\/abundancelegacy.org\/es\/wp-json\/wp\/v2\/users\/1"}],"replies":[{"embeddable":true,"href":"https:\/\/abundancelegacy.org\/es\/wp-json\/wp\/v2\/comments?post=177"}],"version-history":[{"count":149,"href":"https:\/\/abundancelegacy.org\/es\/wp-json\/wp\/v2\/pages\/177\/revisions"}],"predecessor-version":[{"id":1897,"href":"https:\/\/abundancelegacy.org\/es\/wp-json\/wp\/v2\/pages\/177\/revisions\/1897"}],"wp:attachment":[{"href":"https:\/\/abundancelegacy.org\/es\/wp-json\/wp\/v2\/media?parent=177"}],"curies":[{"name":"wp","href":"https:\/\/api.w.org\/{rel}","templated":true}]}}