{"id":1294,"date":"2022-10-25T12:52:46","date_gmt":"2022-10-25T12:52:46","guid":{"rendered":"https:\/\/abundancelegacy.org\/?page_id=1294"},"modified":"2025-12-11T04:44:30","modified_gmt":"2025-12-11T04:44:30","slug":"choice-program","status":"publish","type":"page","link":"https:\/\/abundancelegacy.org\/es\/choice-program\/","title":{"rendered":"Programa de opciones"},"content":{"rendered":"<div data-elementor-type=\"wp-page\" data-elementor-id=\"1294\" class=\"elementor elementor-1294\" data-elementor-post-type=\"page\">\n\t\t\t\t\t\t<section class=\"elementor-section elementor-top-section elementor-element elementor-element-6e17383 elementor-section-height-min-height elementor-section-full_width elementor-section-items-bottom elementor-section-height-default\" data-id=\"6e17383\" data-element_type=\"section\" data-e-type=\"section\" data-settings=\"{&quot;background_background&quot;:&quot;classic&quot;}\">\n\t\t\t\t\t\t\t<div class=\"elementor-background-overlay\"><\/div>\n\t\t\t\t\t\t\t<div class=\"elementor-container elementor-column-gap-no\">\n\t\t\t\t\t<div class=\"elementor-column elementor-col-100 elementor-top-column elementor-element elementor-element-a1e8ab0\" data-id=\"a1e8ab0\" data-element_type=\"column\" data-e-type=\"column\">\n\t\t\t<div class=\"elementor-widget-wrap elementor-element-populated\">\n\t\t\t\t\t\t<section class=\"elementor-section elementor-inner-section elementor-element elementor-element-18c86dc elementor-section-full_width elementor-section-height-default elementor-section-height-default\" data-id=\"18c86dc\" data-element_type=\"section\" data-e-type=\"section\">\n\t\t\t\t\t\t\t<div class=\"elementor-background-overlay\"><\/div>\n\t\t\t\t\t\t\t<div class=\"elementor-container elementor-column-gap-no\">\n\t\t\t\t\t<div class=\"elementor-column elementor-col-100 elementor-inner-column elementor-element elementor-element-f4956f7\" data-id=\"f4956f7\" data-element_type=\"column\" data-e-type=\"column\">\n\t\t\t<div class=\"elementor-widget-wrap elementor-element-populated\">\n\t\t\t\t\t\t<div class=\"elementor-element elementor-element-ff2f289 elementor-widget__width-initial elementor-widget elementor-widget-heading\" data-id=\"ff2f289\" data-element_type=\"widget\" data-e-type=\"widget\" data-widget_type=\"heading.default\">\n\t\t\t\t<div class=\"elementor-widget-container\">\n\t\t\t\t\t<h2 class=\"elementor-heading-title elementor-size-default\">Programa de opciones<\/h2>\t\t\t\t<\/div>\n\t\t\t\t<\/div>\n\t\t\t\t\t<\/div>\n\t\t<\/div>\n\t\t\t\t\t<\/div>\n\t\t<\/section>\n\t\t\t\t\t<\/div>\n\t\t<\/div>\n\t\t\t\t\t<\/div>\n\t\t<\/section>\n\t\t\t\t<section class=\"elementor-section elementor-top-section elementor-element elementor-element-9f77cb6 elementor-section-boxed elementor-section-height-default elementor-section-height-default\" data-id=\"9f77cb6\" data-element_type=\"section\" data-e-type=\"section\">\n\t\t\t\t\t\t<div class=\"elementor-container elementor-column-gap-default\">\n\t\t\t\t\t<div class=\"elementor-column elementor-col-50 elementor-top-column elementor-element elementor-element-f800bb3\" data-id=\"f800bb3\" data-element_type=\"column\" data-e-type=\"column\">\n\t\t\t<div class=\"elementor-widget-wrap elementor-element-populated\">\n\t\t\t\t\t\t<div class=\"elementor-element elementor-element-860e7a5 elementor-widget elementor-widget-html\" data-id=\"860e7a5\" data-element_type=\"widget\" data-e-type=\"widget\" data-widget_type=\"html.default\">\n\t\t\t\t<div class=\"elementor-widget-container\">\n\t\t\t\t\t<script src=\"https:\/\/fast.wistia.com\/embed\/medias\/kxtm48met1.jsonp\" async><\/script><script src=\"https:\/\/fast.wistia.com\/assets\/external\/E-v1.js\" async><\/script><div class=\"wistia_responsive_padding\" style=\"padding:56.25% 0 0 0;position:relative;\"><div class=\"wistia_responsive_wrapper\" style=\"height:100%;left:0;position:absolute;top:0;width:100%;\"><div class=\"wistia_embed wistia_async_kxtm48met1 videoFoam=true\" style=\"height:100%;position:relative;width:100%\"><div class=\"wistia_swatch\" style=\"height:100%;left:0;opacity:0;overflow:hidden;position:absolute;top:0;transition:opacity 200ms;width:100%;\"><img decoding=\"async\" src=\"https:\/\/fast.wistia.com\/embed\/medias\/kxtm48met1\/swatch\" style=\"filter:blur(5px);height:100%;object-fit:contain;width:100%;\" alt=\"\" aria-hidden=\"true\" onload=\"this.parentNode.style.opacity=1;\" \/><\/div><\/div><\/div><\/div>\t\t\t\t<\/div>\n\t\t\t\t<\/div>\n\t\t\t\t\t<\/div>\n\t\t<\/div>\n\t\t\t\t<div class=\"elementor-column elementor-col-50 elementor-top-column elementor-element elementor-element-d314cad\" data-id=\"d314cad\" data-element_type=\"column\" data-e-type=\"column\">\n\t\t\t<div class=\"elementor-widget-wrap elementor-element-populated\">\n\t\t\t\t\t\t<div class=\"elementor-element elementor-element-bb1adda elementor-widget elementor-widget-heading\" data-id=\"bb1adda\" data-element_type=\"widget\" data-e-type=\"widget\" data-widget_type=\"heading.default\">\n\t\t\t\t<div class=\"elementor-widget-container\">\n\t\t\t\t\t<h2 class=\"elementor-heading-title elementor-size-default\">Nuestra historia<\/h2>\t\t\t\t<\/div>\n\t\t\t\t<\/div>\n\t\t\t\t<div class=\"elementor-element elementor-element-77c71c9 elementor-widget elementor-widget-heading\" data-id=\"77c71c9\" data-element_type=\"widget\" data-e-type=\"widget\" data-widget_type=\"heading.default\">\n\t\t\t\t<div class=\"elementor-widget-container\">\n\t\t\t\t\t<h2 class=\"elementor-heading-title elementor-size-default\">El crecimiento personal o autodesarrollo no es s\u00f3lo una moda popular. Es un fen\u00f3meno evolutivo del desarrollo humano y la excelencia profesional.\nEn Choices Program reconocemos la importancia de divulgar entre las personas programas de coaching orientados a objetivos y resultados, dise\u00f1ados para ayudarles a progresar en su vida personal y profesional.\nEstablecida como organizaci\u00f3n sin \u00e1nimo de lucro en abril de 2023, nuestro principal objetivo es ayudar a las personas que no pueden permitirse formar parte de los costosos programas de coaching tradicionales. Les proporcionamos acceso a recursos de empoderamiento innovadores que incluyen clases de autodesarrollo, talleres de crecimiento y sesiones de coaching de vida.\nSituado en Dover, Delaware, nuestro principal objetivo es llegar a un p\u00fablico adulto que busca mejorar para vivir una vida mejor.\nNuestro incre\u00edble equipo proviene de diferentes or\u00edgenes y campos profesionales. Todos trabajamos juntos para elevar la conciencia de las personas y ser uno de los mejores programas de crecimiento y desarrollo personal de la comunidad.<\/h2>\t\t\t\t<\/div>\n\t\t\t\t<\/div>\n\t\t\t\t\t<\/div>\n\t\t<\/div>\n\t\t\t\t\t<\/div>\n\t\t<\/section>\n\t\t\t\t<section class=\"elementor-section elementor-top-section elementor-element elementor-element-00696ad elementor-section-content-middle elementor-section-boxed elementor-section-height-default elementor-section-height-default\" data-id=\"00696ad\" data-element_type=\"section\" data-e-type=\"section\" data-settings=\"{&quot;background_background&quot;:&quot;classic&quot;}\">\n\t\t\t\t\t\t<div class=\"elementor-container elementor-column-gap-default\">\n\t\t\t\t\t<div class=\"elementor-column elementor-col-50 elementor-top-column elementor-element elementor-element-8c1bd6a\" data-id=\"8c1bd6a\" data-element_type=\"column\" data-e-type=\"column\">\n\t\t\t<div class=\"elementor-widget-wrap elementor-element-populated\">\n\t\t\t\t\t\t<div class=\"elementor-element elementor-element-fdc94c8 elementor-widget elementor-widget-heading\" data-id=\"fdc94c8\" data-element_type=\"widget\" data-e-type=\"widget\" data-widget_type=\"heading.default\">\n\t\t\t\t<div class=\"elementor-widget-container\">\n\t\t\t\t\t<h2 class=\"elementor-heading-title elementor-size-default\">Dar a las personas la libertad de tomar las decisiones correctas<\/h2>\t\t\t\t<\/div>\n\t\t\t\t<\/div>\n\t\t\t\t<div class=\"elementor-element elementor-element-141d496 elementor-widget elementor-widget-text-editor\" data-id=\"141d496\" data-element_type=\"widget\" data-e-type=\"widget\" data-widget_type=\"text-editor.default\">\n\t\t\t\t<div class=\"elementor-widget-container\">\n\t\t\t\t\t\t\t\t\tEl Programa Choices se basa en una noci\u00f3n simple. Esta noci\u00f3n abarca el hecho de que la gente ha olvidado o no sabe que tiene derecho a tomar sus propias decisiones en la vida.  \t\t\t\t\t\t\t\t<\/div>\n\t\t\t\t<\/div>\n\t\t\t\t\t<\/div>\n\t\t<\/div>\n\t\t\t\t<div class=\"elementor-column elementor-col-50 elementor-top-column elementor-element elementor-element-5bb3287\" data-id=\"5bb3287\" data-element_type=\"column\" data-e-type=\"column\">\n\t\t\t<div class=\"elementor-widget-wrap elementor-element-populated\">\n\t\t\t\t\t\t<div class=\"elementor-element elementor-element-8d88188 elementor-widget elementor-widget-image\" data-id=\"8d88188\" data-element_type=\"widget\" data-e-type=\"widget\" data-widget_type=\"image.default\">\n\t\t\t\t<div class=\"elementor-widget-container\">\n\t\t\t\t\t\t\t\t\t\t\t\t\t\t\t<img fetchpriority=\"high\" decoding=\"async\" width=\"612\" height=\"408\" src=\"https:\/\/abundancelegacy.org\/wp-content\/uploads\/2023\/03\/istockphoto-1180355744-612x612-1.jpg\" class=\"attachment-full size-full wp-image-1905\" alt=\"\" srcset=\"https:\/\/abundancelegacy.org\/wp-content\/uploads\/2023\/03\/istockphoto-1180355744-612x612-1.jpg 612w, https:\/\/abundancelegacy.org\/wp-content\/uploads\/2023\/03\/istockphoto-1180355744-612x612-1-300x200.jpg 300w, https:\/\/abundancelegacy.org\/wp-content\/uploads\/2023\/03\/istockphoto-1180355744-612x612-1-18x12.jpg 18w, https:\/\/abundancelegacy.org\/wp-content\/uploads\/2023\/03\/istockphoto-1180355744-612x612-1-600x400.jpg 600w\" sizes=\"(max-width: 612px) 100vw, 612px\" \/>\t\t\t\t\t\t\t\t\t\t\t\t\t\t\t<\/div>\n\t\t\t\t<\/div>\n\t\t\t\t\t<\/div>\n\t\t<\/div>\n\t\t\t\t\t<\/div>\n\t\t<\/section>\n\t\t\t\t<section class=\"elementor-section elementor-top-section elementor-element elementor-element-effcf82 elementor-section-boxed elementor-section-height-default elementor-section-height-default\" data-id=\"effcf82\" data-element_type=\"section\" data-e-type=\"section\">\n\t\t\t\t\t\t<div class=\"elementor-container elementor-column-gap-default\">\n\t\t\t\t\t<div class=\"elementor-column elementor-col-50 elementor-top-column elementor-element elementor-element-f1814bd\" data-id=\"f1814bd\" data-element_type=\"column\" data-e-type=\"column\">\n\t\t\t<div class=\"elementor-widget-wrap elementor-element-populated\">\n\t\t\t\t\t\t<div class=\"elementor-element elementor-element-913786b elementor-widget elementor-widget-heading\" data-id=\"913786b\" data-element_type=\"widget\" data-e-type=\"widget\" data-widget_type=\"heading.default\">\n\t\t\t\t<div class=\"elementor-widget-container\">\n\t\t\t\t\t<h2 class=\"elementor-heading-title elementor-size-default\">\u00bfQu\u00e9 ofrecemos?<\/h2>\t\t\t\t<\/div>\n\t\t\t\t<\/div>\n\t\t\t\t\t<\/div>\n\t\t<\/div>\n\t\t\t\t<div class=\"elementor-column elementor-col-50 elementor-top-column elementor-element elementor-element-df60ce7\" data-id=\"df60ce7\" data-element_type=\"column\" data-e-type=\"column\">\n\t\t\t<div class=\"elementor-widget-wrap elementor-element-populated\">\n\t\t\t\t\t\t<div class=\"elementor-element elementor-element-f61be0c elementor-widget elementor-widget-heading\" data-id=\"f61be0c\" data-element_type=\"widget\" data-e-type=\"widget\" data-widget_type=\"heading.default\">\n\t\t\t\t<div class=\"elementor-widget-container\">\n\t\t\t\t\t<h2 class=\"elementor-heading-title elementor-size-default\">Ayudamos a las personas a aprender formas de vivir su vida personal y profesional con m\u00e1s amor, pasi\u00f3n y energ\u00eda. A trav\u00e9s de experiencias vitales personales y ejemplos empresariales, nuestros coaches inspiran a las personas a construir sus propios principios para llevar un estilo de vida exitoso.\n<br><br>\nEl Programa Choice permite a los participantes pasar 3 d\u00edas muy inspiradores y productivos con personas afines de todos los \u00e1mbitos de la vida, incluidos empresarios, expertos en negocios, profesores, profesionales sanitarios y otros profesionales j\u00f3venes y ambiciosos. \n<br><br>\nMediante juegos experienciales, simulaciones divertidas y ejercicios de creaci\u00f3n de confianza, permitimos a nuestros participantes transformar sus vidas para un ma\u00f1ana mejor.<\/h2>\t\t\t\t<\/div>\n\t\t\t\t<\/div>\n\t\t\t\t\t<\/div>\n\t\t<\/div>\n\t\t\t\t\t<\/div>\n\t\t<\/section>\n\t\t\t\t<section class=\"elementor-section elementor-top-section elementor-element elementor-element-44b6db2 elementor-section-boxed elementor-section-height-default elementor-section-height-default\" data-id=\"44b6db2\" data-element_type=\"section\" data-e-type=\"section\">\n\t\t\t\t\t\t\t<div class=\"elementor-background-overlay\"><\/div>\n\t\t\t\t\t\t\t<div class=\"elementor-container elementor-column-gap-extended\">\n\t\t\t\t\t<div class=\"elementor-column elementor-col-50 elementor-top-column elementor-element elementor-element-db0d2aa\" data-id=\"db0d2aa\" data-element_type=\"column\" data-e-type=\"column\">\n\t\t\t<div class=\"elementor-widget-wrap elementor-element-populated\">\n\t\t\t\t\t\t<div class=\"elementor-element elementor-element-050620f elementor-widget elementor-widget-image\" data-id=\"050620f\" data-element_type=\"widget\" data-e-type=\"widget\" data-widget_type=\"image.default\">\n\t\t\t\t<div class=\"elementor-widget-container\">\n\t\t\t\t\t\t\t\t\t\t\t\t\t\t\t<img decoding=\"async\" width=\"800\" height=\"420\" src=\"https:\/\/abundancelegacy.org\/wp-content\/uploads\/2022\/10\/dilution-right-essential-oil-massage-blends-amt-1024x538.jpg\" class=\"elementor-animation-grow attachment-large size-large wp-image-1309\" alt=\"\" srcset=\"https:\/\/abundancelegacy.org\/wp-content\/uploads\/2022\/10\/dilution-right-essential-oil-massage-blends-amt-1024x538.jpg 1024w, https:\/\/abundancelegacy.org\/wp-content\/uploads\/2022\/10\/dilution-right-essential-oil-massage-blends-amt-300x158.jpg 300w, https:\/\/abundancelegacy.org\/wp-content\/uploads\/2022\/10\/dilution-right-essential-oil-massage-blends-amt-768x403.jpg 768w, https:\/\/abundancelegacy.org\/wp-content\/uploads\/2022\/10\/dilution-right-essential-oil-massage-blends-amt-18x9.jpg 18w, https:\/\/abundancelegacy.org\/wp-content\/uploads\/2022\/10\/dilution-right-essential-oil-massage-blends-amt-600x315.jpg 600w, https:\/\/abundancelegacy.org\/wp-content\/uploads\/2022\/10\/dilution-right-essential-oil-massage-blends-amt.jpg 1200w\" sizes=\"(max-width: 800px) 100vw, 800px\" \/>\t\t\t\t\t\t\t\t\t\t\t\t\t\t\t<\/div>\n\t\t\t\t<\/div>\n\t\t\t\t<div class=\"elementor-element elementor-element-01c439f elementor-widget__width-auto elementor-widget elementor-widget-button\" data-id=\"01c439f\" data-element_type=\"widget\" data-e-type=\"widget\" data-widget_type=\"button.default\">\n\t\t\t\t<div class=\"elementor-widget-container\">\n\t\t\t\t\t\t\t\t\t<div class=\"elementor-button-wrapper\">\n\t\t\t\t\t<a class=\"elementor-button elementor-button-link elementor-size-md\" href=\"https:\/\/abundancelegacy.org\/es\/holistic-center\/\">\n\t\t\t\t\t\t<span class=\"elementor-button-content-wrapper\">\n\t\t\t\t\t\t<span class=\"elementor-button-icon\">\n\t\t\t\t<i aria-hidden=\"true\" class=\"fas fa-chevron-right\"><\/i>\t\t\t<\/span>\n\t\t\t\t\t\t\t\t\t<span class=\"elementor-button-text\">Centro hol\u00edstico<\/span>\n\t\t\t\t\t<\/span>\n\t\t\t\t\t<\/a>\n\t\t\t\t<\/div>\n\t\t\t\t\t\t\t\t<\/div>\n\t\t\t\t<\/div>\n\t\t\t\t\t<\/div>\n\t\t<\/div>\n\t\t\t\t<div class=\"elementor-column elementor-col-50 elementor-top-column elementor-element elementor-element-7bf4ac3\" data-id=\"7bf4ac3\" data-element_type=\"column\" data-e-type=\"column\">\n\t\t\t<div class=\"elementor-widget-wrap elementor-element-populated\">\n\t\t\t\t\t\t<div class=\"elementor-element elementor-element-7573383 elementor-widget elementor-widget-image\" data-id=\"7573383\" data-element_type=\"widget\" data-e-type=\"widget\" data-widget_type=\"image.default\">\n\t\t\t\t<div class=\"elementor-widget-container\">\n\t\t\t\t\t\t\t\t\t\t\t\t\t\t\t<img decoding=\"async\" width=\"800\" height=\"534\" src=\"https:\/\/abundancelegacy.org\/wp-content\/uploads\/2022\/10\/19-1024x683.jpg\" class=\"elementor-animation-grow attachment-large size-large wp-image-372\" alt=\"\" srcset=\"https:\/\/abundancelegacy.org\/wp-content\/uploads\/2022\/10\/19-1024x683.jpg 1024w, https:\/\/abundancelegacy.org\/wp-content\/uploads\/2022\/10\/19-300x200.jpg 300w, https:\/\/abundancelegacy.org\/wp-content\/uploads\/2022\/10\/19-768x512.jpg 768w, https:\/\/abundancelegacy.org\/wp-content\/uploads\/2022\/10\/19-1536x1024.jpg 1536w, https:\/\/abundancelegacy.org\/wp-content\/uploads\/2022\/10\/19-18x12.jpg 18w, https:\/\/abundancelegacy.org\/wp-content\/uploads\/2022\/10\/19-600x400.jpg 600w, https:\/\/abundancelegacy.org\/wp-content\/uploads\/2022\/10\/19.jpg 1920w\" sizes=\"(max-width: 800px) 100vw, 800px\" \/>\t\t\t\t\t\t\t\t\t\t\t\t\t\t\t<\/div>\n\t\t\t\t<\/div>\n\t\t\t\t<div class=\"elementor-element elementor-element-13a1808 elementor-widget__width-auto elementor-widget elementor-widget-button\" data-id=\"13a1808\" data-element_type=\"widget\" data-e-type=\"widget\" data-widget_type=\"button.default\">\n\t\t\t\t<div class=\"elementor-widget-container\">\n\t\t\t\t\t\t\t\t\t<div class=\"elementor-button-wrapper\">\n\t\t\t\t\t<a class=\"elementor-button elementor-button-link elementor-size-md\" href=\"https:\/\/abundancelegacy.org\/es\/hump-day-support-group\/\">\n\t\t\t\t\t\t<span class=\"elementor-button-content-wrapper\">\n\t\t\t\t\t\t<span class=\"elementor-button-icon\">\n\t\t\t\t<i aria-hidden=\"true\" class=\"fas fa-chevron-right\"><\/i>\t\t\t<\/span>\n\t\t\t\t\t\t\t\t\t<span class=\"elementor-button-text\">Grupo de apoyo del D\u00eda Hump<\/span>\n\t\t\t\t\t<\/span>\n\t\t\t\t\t<\/a>\n\t\t\t\t<\/div>\n\t\t\t\t\t\t\t\t<\/div>\n\t\t\t\t<\/div>\n\t\t\t\t\t<\/div>\n\t\t<\/div>\n\t\t\t\t\t<\/div>\n\t\t<\/section>\n\t\t\t\t<\/div>","protected":false},"excerpt":{"rendered":"<p>Choices Program Our Story Personal growth or self-development is not just a popular fad. It is an evolving phenomenon of human development and professional excellence. We at Choices Program recognize [&hellip;]<\/p>\n","protected":false},"author":1,"featured_media":0,"parent":0,"menu_order":0,"comment_status":"closed","ping_status":"closed","template":"elementor_header_footer","meta":{"footnotes":""},"class_list":["post-1294","page","type-page","status-publish","hentry"],"_links":{"self":[{"href":"https:\/\/abundancelegacy.org\/es\/wp-json\/wp\/v2\/pages\/1294","targetHints":{"allow":["GET"]}}],"collection":[{"href":"https:\/\/abundancelegacy.org\/es\/wp-json\/wp\/v2\/pages"}],"about":[{"href":"https:\/\/abundancelegacy.org\/es\/wp-json\/wp\/v2\/types\/page"}],"author":[{"embeddable":true,"href":"https:\/\/abundancelegacy.org\/es\/wp-json\/wp\/v2\/users\/1"}],"replies":[{"embeddable":true,"href":"https:\/\/abundancelegacy.org\/es\/wp-json\/wp\/v2\/comments?post=1294"}],"version-history":[{"count":47,"href":"https:\/\/abundancelegacy.org\/es\/wp-json\/wp\/v2\/pages\/1294\/revisions"}],"predecessor-version":[{"id":1908,"href":"https:\/\/abundancelegacy.org\/es\/wp-json\/wp\/v2\/pages\/1294\/revisions\/1908"}],"wp:attachment":[{"href":"https:\/\/abundancelegacy.org\/es\/wp-json\/wp\/v2\/media?parent=1294"}],"curies":[{"name":"wp","href":"https:\/\/api.w.org\/{rel}","templated":true}]}}