{"id":1289,"date":"2022-10-25T12:51:27","date_gmt":"2022-10-25T12:51:27","guid":{"rendered":"https:\/\/abundancelegacy.org\/?page_id=1289"},"modified":"2025-12-11T04:44:31","modified_gmt":"2025-12-11T04:44:31","slug":"holistic-center","status":"publish","type":"page","link":"https:\/\/abundancelegacy.org\/es\/holistic-center\/","title":{"rendered":"Centro hol\u00edstico"},"content":{"rendered":"<div data-elementor-type=\"wp-page\" data-elementor-id=\"1289\" class=\"elementor elementor-1289\" data-elementor-post-type=\"page\">\n\t\t\t\t\t\t<section class=\"elementor-section elementor-top-section elementor-element elementor-element-6e17383 elementor-section-height-min-height elementor-section-full_width elementor-section-items-bottom elementor-section-height-default\" data-id=\"6e17383\" data-element_type=\"section\" data-e-type=\"section\" data-settings=\"{&quot;background_background&quot;:&quot;classic&quot;}\">\n\t\t\t\t\t\t\t<div class=\"elementor-background-overlay\"><\/div>\n\t\t\t\t\t\t\t<div class=\"elementor-container elementor-column-gap-no\">\n\t\t\t\t\t<div class=\"elementor-column elementor-col-100 elementor-top-column elementor-element elementor-element-a1e8ab0\" data-id=\"a1e8ab0\" data-element_type=\"column\" data-e-type=\"column\">\n\t\t\t<div class=\"elementor-widget-wrap elementor-element-populated\">\n\t\t\t\t\t\t<section class=\"elementor-section elementor-inner-section elementor-element elementor-element-18c86dc elementor-section-full_width elementor-section-height-default elementor-section-height-default\" data-id=\"18c86dc\" data-element_type=\"section\" data-e-type=\"section\">\n\t\t\t\t\t\t\t<div class=\"elementor-background-overlay\"><\/div>\n\t\t\t\t\t\t\t<div class=\"elementor-container elementor-column-gap-no\">\n\t\t\t\t\t<div class=\"elementor-column elementor-col-100 elementor-inner-column elementor-element elementor-element-f4956f7\" data-id=\"f4956f7\" data-element_type=\"column\" data-e-type=\"column\">\n\t\t\t<div class=\"elementor-widget-wrap elementor-element-populated\">\n\t\t\t\t\t\t<div class=\"elementor-element elementor-element-ff2f289 elementor-widget__width-initial elementor-widget elementor-widget-heading\" data-id=\"ff2f289\" data-element_type=\"widget\" data-e-type=\"widget\" data-widget_type=\"heading.default\">\n\t\t\t\t<div class=\"elementor-widget-container\">\n\t\t\t\t\t<h2 class=\"elementor-heading-title elementor-size-default\">Centro hol\u00edstico<\/h2>\t\t\t\t<\/div>\n\t\t\t\t<\/div>\n\t\t\t\t\t<\/div>\n\t\t<\/div>\n\t\t\t\t\t<\/div>\n\t\t<\/section>\n\t\t\t\t\t<\/div>\n\t\t<\/div>\n\t\t\t\t\t<\/div>\n\t\t<\/section>\n\t\t\t\t<section class=\"elementor-section elementor-top-section elementor-element elementor-element-9f77cb6 elementor-section-boxed elementor-section-height-default elementor-section-height-default\" data-id=\"9f77cb6\" data-element_type=\"section\" data-e-type=\"section\">\n\t\t\t\t\t\t<div class=\"elementor-container elementor-column-gap-default\">\n\t\t\t\t\t<div class=\"elementor-column elementor-col-50 elementor-top-column elementor-element elementor-element-f800bb3\" data-id=\"f800bb3\" data-element_type=\"column\" data-e-type=\"column\">\n\t\t\t<div class=\"elementor-widget-wrap elementor-element-populated\">\n\t\t\t\t\t\t<div class=\"elementor-element elementor-element-b31266b elementor-widget__width-initial elementor-widget elementor-widget-video\" data-id=\"b31266b\" data-element_type=\"widget\" data-e-type=\"widget\" data-settings=\"{&quot;youtube_url&quot;:&quot;https:\\\/\\\/www.youtube.com\\\/watch?v=XHOmBV4js_E&quot;,&quot;show_image_overlay&quot;:&quot;yes&quot;,&quot;image_overlay&quot;:{&quot;url&quot;:&quot;https:\\\/\\\/abundancelegacy.org\\\/wp-content\\\/uploads\\\/2022\\\/10\\\/saa.png&quot;,&quot;id&quot;:355,&quot;size&quot;:&quot;&quot;,&quot;alt&quot;:&quot;&quot;,&quot;source&quot;:&quot;library&quot;},&quot;video_type&quot;:&quot;youtube&quot;,&quot;controls&quot;:&quot;yes&quot;}\" data-widget_type=\"video.default\">\n\t\t\t\t<div class=\"elementor-widget-container\">\n\t\t\t\t\t\t\t<div class=\"elementor-wrapper elementor-open-inline\">\n\t\t\t<div class=\"elementor-video\"><\/div>\t\t\t\t<div class=\"elementor-custom-embed-image-overlay\" style=\"background-image: url(https:\/\/abundancelegacy.org\/wp-content\/uploads\/2022\/10\/saa.png);\">\n\t\t\t\t\t\t\t\t\t\t\t\t\t\t\t\t<div class=\"elementor-custom-embed-play\" role=\"button\" aria-label=\"Reproducir v\u00eddeo\" tabindex=\"0\">\n\t\t\t\t\t\t\t<i aria-hidden=\"true\" class=\"fas fa-play-circle\"><\/i>\t\t\t\t\t\t<\/div>\n\t\t\t\t\t\t\t\t\t<\/div>\n\t\t\t\t\t<\/div>\n\t\t\t\t\t\t<\/div>\n\t\t\t\t<\/div>\n\t\t\t\t\t<\/div>\n\t\t<\/div>\n\t\t\t\t<div class=\"elementor-column elementor-col-50 elementor-top-column elementor-element elementor-element-d314cad\" data-id=\"d314cad\" data-element_type=\"column\" data-e-type=\"column\">\n\t\t\t<div class=\"elementor-widget-wrap elementor-element-populated\">\n\t\t\t\t\t\t<div class=\"elementor-element elementor-element-bb1adda elementor-widget elementor-widget-heading\" data-id=\"bb1adda\" data-element_type=\"widget\" data-e-type=\"widget\" data-widget_type=\"heading.default\">\n\t\t\t\t<div class=\"elementor-widget-container\">\n\t\t\t\t\t<h2 class=\"elementor-heading-title elementor-size-default\">Nuestra historia<\/h2>\t\t\t\t<\/div>\n\t\t\t\t<\/div>\n\t\t\t\t<div class=\"elementor-element elementor-element-77c71c9 elementor-widget elementor-widget-heading\" data-id=\"77c71c9\" data-element_type=\"widget\" data-e-type=\"widget\" data-widget_type=\"heading.default\">\n\t\t\t\t<div class=\"elementor-widget-container\">\n\t\t\t\t\t<h2 class=\"elementor-heading-title elementor-size-default\">Un enfoque hol\u00edstico para mejorar su bienestar general a trav\u00e9s del Esp\u00edritu, la Mente, el Cuerpo con el cambio del propio entorno y las influencias ambientales. <\/h2>\t\t\t\t<\/div>\n\t\t\t\t<\/div>\n\t\t\t\t<div class=\"elementor-element elementor-element-068c255 elementor-widget elementor-widget-text-editor\" data-id=\"068c255\" data-element_type=\"widget\" data-e-type=\"widget\" data-widget_type=\"text-editor.default\">\n\t\t\t\t<div class=\"elementor-widget-container\">\n\t\t\t\t\t\t\t\t\tEstamos comenzando la planificaci\u00f3n y el desarrollo de un centro hol\u00edstico que se ubicar\u00e1 en la Rep\u00fablica Dominicana. Este centro permitir\u00e1 a la gente de todo el mundo a visitar para los servicios, clases con la oportunidad de disfrutar de vacaciones tambi\u00e9n.\t\t\t\t\t\t\t\t<\/div>\n\t\t\t\t<\/div>\n\t\t\t\t\t<\/div>\n\t\t<\/div>\n\t\t\t\t\t<\/div>\n\t\t<\/section>\n\t\t\t\t<section class=\"elementor-section elementor-top-section elementor-element elementor-element-44b6db2 elementor-section-boxed elementor-section-height-default elementor-section-height-default\" data-id=\"44b6db2\" data-element_type=\"section\" data-e-type=\"section\">\n\t\t\t\t\t\t\t<div class=\"elementor-background-overlay\"><\/div>\n\t\t\t\t\t\t\t<div class=\"elementor-container elementor-column-gap-extended\">\n\t\t\t\t\t<div class=\"elementor-column elementor-col-50 elementor-top-column elementor-element elementor-element-db0d2aa\" data-id=\"db0d2aa\" data-element_type=\"column\" data-e-type=\"column\">\n\t\t\t<div class=\"elementor-widget-wrap elementor-element-populated\">\n\t\t\t\t\t\t<div class=\"elementor-element elementor-element-050620f elementor-widget elementor-widget-image\" data-id=\"050620f\" data-element_type=\"widget\" data-e-type=\"widget\" data-widget_type=\"image.default\">\n\t\t\t\t<div class=\"elementor-widget-container\">\n\t\t\t\t\t\t\t\t\t\t\t\t\t\t\t<img fetchpriority=\"high\" decoding=\"async\" width=\"800\" height=\"450\" src=\"https:\/\/abundancelegacy.org\/wp-content\/uploads\/2022\/10\/spss-statistice-professional-edition-overview-1024x576.webp\" class=\"elementor-animation-grow attachment-large size-large wp-image-914\" alt=\"\" srcset=\"https:\/\/abundancelegacy.org\/wp-content\/uploads\/2022\/10\/spss-statistice-professional-edition-overview-1024x576.webp 1024w, https:\/\/abundancelegacy.org\/wp-content\/uploads\/2022\/10\/spss-statistice-professional-edition-overview-300x169.webp 300w, https:\/\/abundancelegacy.org\/wp-content\/uploads\/2022\/10\/spss-statistice-professional-edition-overview-768x432.webp 768w, https:\/\/abundancelegacy.org\/wp-content\/uploads\/2022\/10\/spss-statistice-professional-edition-overview-18x10.webp 18w, https:\/\/abundancelegacy.org\/wp-content\/uploads\/2022\/10\/spss-statistice-professional-edition-overview-600x338.webp 600w, https:\/\/abundancelegacy.org\/wp-content\/uploads\/2022\/10\/spss-statistice-professional-edition-overview.webp 1422w\" sizes=\"(max-width: 800px) 100vw, 800px\" \/>\t\t\t\t\t\t\t\t\t\t\t\t\t\t\t<\/div>\n\t\t\t\t<\/div>\n\t\t\t\t<div class=\"elementor-element elementor-element-01c439f elementor-widget__width-auto elementor-widget elementor-widget-button\" data-id=\"01c439f\" data-element_type=\"widget\" data-e-type=\"widget\" data-widget_type=\"button.default\">\n\t\t\t\t<div class=\"elementor-widget-container\">\n\t\t\t\t\t\t\t\t\t<div class=\"elementor-button-wrapper\">\n\t\t\t\t\t<a class=\"elementor-button elementor-button-link elementor-size-md\" href=\"https:\/\/abundancelegacy.org\/es\/financial-bootcamp\/\">\n\t\t\t\t\t\t<span class=\"elementor-button-content-wrapper\">\n\t\t\t\t\t\t<span class=\"elementor-button-icon\">\n\t\t\t\t<i aria-hidden=\"true\" class=\"fas fa-chevron-right\"><\/i>\t\t\t<\/span>\n\t\t\t\t\t\t\t\t\t<span class=\"elementor-button-text\">Campamento de entrenamiento financiero<\/span>\n\t\t\t\t\t<\/span>\n\t\t\t\t\t<\/a>\n\t\t\t\t<\/div>\n\t\t\t\t\t\t\t\t<\/div>\n\t\t\t\t<\/div>\n\t\t\t\t\t<\/div>\n\t\t<\/div>\n\t\t\t\t<div class=\"elementor-column elementor-col-50 elementor-top-column elementor-element elementor-element-7bf4ac3\" data-id=\"7bf4ac3\" data-element_type=\"column\" data-e-type=\"column\">\n\t\t\t<div class=\"elementor-widget-wrap elementor-element-populated\">\n\t\t\t\t\t\t<div class=\"elementor-element elementor-element-7573383 elementor-widget elementor-widget-image\" data-id=\"7573383\" data-element_type=\"widget\" data-e-type=\"widget\" data-widget_type=\"image.default\">\n\t\t\t\t<div class=\"elementor-widget-container\">\n\t\t\t\t\t\t\t\t\t\t\t\t\t\t\t<img decoding=\"async\" width=\"800\" height=\"534\" src=\"https:\/\/abundancelegacy.org\/wp-content\/uploads\/2022\/10\/19-1024x683.jpg\" class=\"elementor-animation-grow attachment-large size-large wp-image-372\" alt=\"\" srcset=\"https:\/\/abundancelegacy.org\/wp-content\/uploads\/2022\/10\/19-1024x683.jpg 1024w, https:\/\/abundancelegacy.org\/wp-content\/uploads\/2022\/10\/19-300x200.jpg 300w, https:\/\/abundancelegacy.org\/wp-content\/uploads\/2022\/10\/19-768x512.jpg 768w, https:\/\/abundancelegacy.org\/wp-content\/uploads\/2022\/10\/19-1536x1024.jpg 1536w, https:\/\/abundancelegacy.org\/wp-content\/uploads\/2022\/10\/19-18x12.jpg 18w, https:\/\/abundancelegacy.org\/wp-content\/uploads\/2022\/10\/19-600x400.jpg 600w, https:\/\/abundancelegacy.org\/wp-content\/uploads\/2022\/10\/19.jpg 1920w\" sizes=\"(max-width: 800px) 100vw, 800px\" \/>\t\t\t\t\t\t\t\t\t\t\t\t\t\t\t<\/div>\n\t\t\t\t<\/div>\n\t\t\t\t<div class=\"elementor-element elementor-element-13a1808 elementor-widget__width-auto elementor-widget elementor-widget-button\" data-id=\"13a1808\" data-element_type=\"widget\" data-e-type=\"widget\" data-widget_type=\"button.default\">\n\t\t\t\t<div class=\"elementor-widget-container\">\n\t\t\t\t\t\t\t\t\t<div class=\"elementor-button-wrapper\">\n\t\t\t\t\t<a class=\"elementor-button elementor-button-link elementor-size-md\" href=\"https:\/\/abundancelegacy.org\/es\/support-groups\/\">\n\t\t\t\t\t\t<span class=\"elementor-button-content-wrapper\">\n\t\t\t\t\t\t<span class=\"elementor-button-icon\">\n\t\t\t\t<i aria-hidden=\"true\" class=\"fas fa-chevron-right\"><\/i>\t\t\t<\/span>\n\t\t\t\t\t\t\t\t\t<span class=\"elementor-button-text\">Grupos de apoyo<\/span>\n\t\t\t\t\t<\/span>\n\t\t\t\t\t<\/a>\n\t\t\t\t<\/div>\n\t\t\t\t\t\t\t\t<\/div>\n\t\t\t\t<\/div>\n\t\t\t\t\t<\/div>\n\t\t<\/div>\n\t\t\t\t\t<\/div>\n\t\t<\/section>\n\t\t\t\t<\/div>","protected":false},"excerpt":{"rendered":"<p>Holistic Center Our Story A holistic approach to improving your overall well-being through Spirit, Mind, Body with the changing of one\u2019s environment and environmental influences. We are starting the planning [&hellip;]<\/p>\n","protected":false},"author":1,"featured_media":0,"parent":0,"menu_order":0,"comment_status":"closed","ping_status":"closed","template":"elementor_header_footer","meta":{"footnotes":""},"class_list":["post-1289","page","type-page","status-publish","hentry"],"_links":{"self":[{"href":"https:\/\/abundancelegacy.org\/es\/wp-json\/wp\/v2\/pages\/1289","targetHints":{"allow":["GET"]}}],"collection":[{"href":"https:\/\/abundancelegacy.org\/es\/wp-json\/wp\/v2\/pages"}],"about":[{"href":"https:\/\/abundancelegacy.org\/es\/wp-json\/wp\/v2\/types\/page"}],"author":[{"embeddable":true,"href":"https:\/\/abundancelegacy.org\/es\/wp-json\/wp\/v2\/users\/1"}],"replies":[{"embeddable":true,"href":"https:\/\/abundancelegacy.org\/es\/wp-json\/wp\/v2\/comments?post=1289"}],"version-history":[{"count":19,"href":"https:\/\/abundancelegacy.org\/es\/wp-json\/wp\/v2\/pages\/1289\/revisions"}],"predecessor-version":[{"id":1844,"href":"https:\/\/abundancelegacy.org\/es\/wp-json\/wp\/v2\/pages\/1289\/revisions\/1844"}],"wp:attachment":[{"href":"https:\/\/abundancelegacy.org\/es\/wp-json\/wp\/v2\/media?parent=1289"}],"curies":[{"name":"wp","href":"https:\/\/api.w.org\/{rel}","templated":true}]}}