{"id":746,"date":"2022-10-14T10:42:56","date_gmt":"2022-10-14T10:42:56","guid":{"rendered":"https:\/\/abundancelegacy.org\/?page_id=746"},"modified":"2025-12-11T04:44:47","modified_gmt":"2025-12-11T04:44:47","slug":"articles","status":"publish","type":"page","link":"http:\/\/abundancelegacy.org\/es\/articles\/","title":{"rendered":"Art\u00edculos"},"content":{"rendered":"<div data-elementor-type=\"wp-page\" data-elementor-id=\"746\" class=\"elementor elementor-746\" data-elementor-post-type=\"page\">\n\t\t\t\t\t\t<section class=\"elementor-section elementor-top-section elementor-element elementor-element-a83b89b elementor-section-height-min-height elementor-section-full_width elementor-section-items-bottom elementor-section-height-default\" data-id=\"a83b89b\" data-element_type=\"section\" data-e-type=\"section\" data-settings=\"{&quot;background_background&quot;:&quot;classic&quot;}\">\n\t\t\t\t\t\t\t<div class=\"elementor-background-overlay\"><\/div>\n\t\t\t\t\t\t\t<div class=\"elementor-container elementor-column-gap-no\">\n\t\t\t\t\t<div class=\"elementor-column elementor-col-100 elementor-top-column elementor-element elementor-element-a0a27b9\" data-id=\"a0a27b9\" data-element_type=\"column\" data-e-type=\"column\">\n\t\t\t<div class=\"elementor-widget-wrap elementor-element-populated\">\n\t\t\t\t\t\t<section class=\"elementor-section elementor-inner-section elementor-element elementor-element-1b12d88 elementor-section-full_width elementor-section-height-default elementor-section-height-default\" data-id=\"1b12d88\" data-element_type=\"section\" data-e-type=\"section\">\n\t\t\t\t\t\t\t<div class=\"elementor-background-overlay\"><\/div>\n\t\t\t\t\t\t\t<div class=\"elementor-container elementor-column-gap-no\">\n\t\t\t\t\t<div class=\"elementor-column elementor-col-100 elementor-inner-column elementor-element elementor-element-e51bfb7\" data-id=\"e51bfb7\" data-element_type=\"column\" data-e-type=\"column\">\n\t\t\t<div class=\"elementor-widget-wrap elementor-element-populated\">\n\t\t\t\t\t\t<div class=\"elementor-element elementor-element-04d5998 elementor-widget__width-initial elementor-widget elementor-widget-heading\" data-id=\"04d5998\" data-element_type=\"widget\" data-e-type=\"widget\" data-widget_type=\"heading.default\">\n\t\t\t\t<div class=\"elementor-widget-container\">\n\t\t\t\t\t<h2 class=\"elementor-heading-title elementor-size-default\">Art\u00edculos<\/h2>\t\t\t\t<\/div>\n\t\t\t\t<\/div>\n\t\t\t\t\t<\/div>\n\t\t<\/div>\n\t\t\t\t\t<\/div>\n\t\t<\/section>\n\t\t\t\t\t<\/div>\n\t\t<\/div>\n\t\t\t\t\t<\/div>\n\t\t<\/section>\n\t\t\t\t<section class=\"elementor-section elementor-top-section elementor-element elementor-element-2aa6f36 elementor-section-boxed elementor-section-height-default elementor-section-height-default\" data-id=\"2aa6f36\" data-element_type=\"section\" data-e-type=\"section\">\n\t\t\t\t\t\t<div class=\"elementor-container elementor-column-gap-default\">\n\t\t\t\t\t<div class=\"elementor-column elementor-col-100 elementor-top-column elementor-element elementor-element-36f4255\" data-id=\"36f4255\" data-element_type=\"column\" data-e-type=\"column\">\n\t\t\t<div class=\"elementor-widget-wrap elementor-element-populated\">\n\t\t\t\t\t\t<div class=\"elementor-element elementor-element-4e47d8c elementor-widget elementor-widget-html\" data-id=\"4e47d8c\" data-element_type=\"widget\" data-e-type=\"widget\" data-widget_type=\"html.default\">\n\t\t\t\t<div class=\"elementor-widget-container\">\n\t\t\t\t\t<script src=\"https:\/\/fast.wistia.com\/embed\/medias\/54gio2b9rq.jsonp\" async><\/script><script src=\"https:\/\/fast.wistia.com\/assets\/external\/E-v1.js\" async><\/script><div class=\"wistia_responsive_padding\" style=\"padding:56.25% 0 0 0;position:relative;\"><div class=\"wistia_responsive_wrapper\" style=\"height:100%;left:0;position:absolute;top:0;width:100%;\"><div class=\"wistia_embed wistia_async_54gio2b9rq videoFoam=true\" style=\"height:100%;position:relative;width:100%\"><div class=\"wistia_swatch\" style=\"height:100%;left:0;opacity:0;overflow:hidden;position:absolute;top:0;transition:opacity 200ms;width:100%;\"><img decoding=\"async\" src=\"https:\/\/fast.wistia.com\/embed\/medias\/54gio2b9rq\/swatch\" style=\"filter:blur(5px);height:100%;object-fit:contain;width:100%;\" alt=\"\" aria-hidden=\"true\" onload=\"this.parentNode.style.opacity=1;\" \/><\/div><\/div><\/div><\/div>\t\t\t\t<\/div>\n\t\t\t\t<\/div>\n\t\t\t\t<div class=\"elementor-element elementor-element-6321bff elementor-grid-3 elementor-grid-tablet-2 elementor-grid-mobile-1 elementor-posts--thumbnail-top elementor-card-shadow-yes elementor-posts__hover-gradient elementor-widget elementor-widget-posts\" data-id=\"6321bff\" data-element_type=\"widget\" data-e-type=\"widget\" data-settings=\"{&quot;cards_columns&quot;:&quot;3&quot;,&quot;cards_columns_tablet&quot;:&quot;2&quot;,&quot;cards_columns_mobile&quot;:&quot;1&quot;,&quot;cards_row_gap&quot;:{&quot;unit&quot;:&quot;px&quot;,&quot;size&quot;:35,&quot;sizes&quot;:[]},&quot;cards_row_gap_tablet&quot;:{&quot;unit&quot;:&quot;px&quot;,&quot;size&quot;:&quot;&quot;,&quot;sizes&quot;:[]},&quot;cards_row_gap_mobile&quot;:{&quot;unit&quot;:&quot;px&quot;,&quot;size&quot;:&quot;&quot;,&quot;sizes&quot;:[]}}\" data-widget_type=\"posts.cards\">\n\t\t\t\t<div class=\"elementor-widget-container\">\n\t\t\t\t\t\t\t<div class=\"elementor-posts-container elementor-posts elementor-posts--skin-cards elementor-grid\" role=\"list\">\n\t\t\t\t<article class=\"elementor-post elementor-grid-item post-1542 post type-post status-publish format-standard has-post-thumbnail hentry category-uncategorized\" role=\"listitem\">\n\t\t\t<div class=\"elementor-post__card\">\n\t\t\t\t<a class=\"elementor-post__thumbnail__link\" href=\"http:\/\/abundancelegacy.org\/es\/where-is-your-money-going\/\" tabindex=\"-1\" ><div class=\"elementor-post__thumbnail\"><img fetchpriority=\"high\" decoding=\"async\" width=\"1394\" height=\"926\" src=\"https:\/\/abundancelegacy.org\/wp-content\/uploads\/2022\/12\/Screenshot-2022-12-21-at-2.59.02-AM.png\" class=\"attachment-full size-full wp-image-1543\" alt=\"\" srcset=\"https:\/\/abundancelegacy.org\/wp-content\/uploads\/2022\/12\/Screenshot-2022-12-21-at-2.59.02-AM.png 1394w, https:\/\/abundancelegacy.org\/wp-content\/uploads\/2022\/12\/Screenshot-2022-12-21-at-2.59.02-AM-300x199.png 300w, https:\/\/abundancelegacy.org\/wp-content\/uploads\/2022\/12\/Screenshot-2022-12-21-at-2.59.02-AM-1024x680.png 1024w, https:\/\/abundancelegacy.org\/wp-content\/uploads\/2022\/12\/Screenshot-2022-12-21-at-2.59.02-AM-768x510.png 768w, https:\/\/abundancelegacy.org\/wp-content\/uploads\/2022\/12\/Screenshot-2022-12-21-at-2.59.02-AM-18x12.png 18w, https:\/\/abundancelegacy.org\/wp-content\/uploads\/2022\/12\/Screenshot-2022-12-21-at-2.59.02-AM-600x399.png 600w\" sizes=\"(max-width: 1394px) 100vw, 1394px\" \/><\/div><\/a>\n\t\t\t\t<div class=\"elementor-post__text\">\n\t\t\t\t<h3 class=\"elementor-post__title\">\n\t\t\t<a href=\"http:\/\/abundancelegacy.org\/es\/where-is-your-money-going\/\" >\n\t\t\t\t\u00bfAd\u00f3nde va su dinero?\t\t\t<\/a>\n\t\t<\/h3>\n\t\t\n\t\t<a class=\"elementor-post__read-more\" href=\"http:\/\/abundancelegacy.org\/es\/where-is-your-money-going\/\" aria-label=\"Read more about Where is your Money going\" tabindex=\"-1\" >\n\t\t\tLeer M\u00e1s \u00bb\t\t<\/a>\n\n\t\t\t\t<\/div>\n\t\t\t\t\t<\/div>\n\t\t<\/article>\n\t\t\t\t<article class=\"elementor-post elementor-grid-item post-1539 post type-post status-publish format-standard has-post-thumbnail hentry category-uncategorized\" role=\"listitem\">\n\t\t\t<div class=\"elementor-post__card\">\n\t\t\t\t<a class=\"elementor-post__thumbnail__link\" href=\"http:\/\/abundancelegacy.org\/es\/i-am-spiritually-rich\/\" tabindex=\"-1\" ><div class=\"elementor-post__thumbnail\"><img decoding=\"async\" width=\"1424\" height=\"748\" src=\"https:\/\/abundancelegacy.org\/wp-content\/uploads\/2022\/12\/Screenshot-2022-12-21-at-2.57.30-AM.png\" class=\"attachment-full size-full wp-image-1540\" alt=\"\" srcset=\"https:\/\/abundancelegacy.org\/wp-content\/uploads\/2022\/12\/Screenshot-2022-12-21-at-2.57.30-AM.png 1424w, https:\/\/abundancelegacy.org\/wp-content\/uploads\/2022\/12\/Screenshot-2022-12-21-at-2.57.30-AM-300x158.png 300w, https:\/\/abundancelegacy.org\/wp-content\/uploads\/2022\/12\/Screenshot-2022-12-21-at-2.57.30-AM-1024x538.png 1024w, https:\/\/abundancelegacy.org\/wp-content\/uploads\/2022\/12\/Screenshot-2022-12-21-at-2.57.30-AM-768x403.png 768w, https:\/\/abundancelegacy.org\/wp-content\/uploads\/2022\/12\/Screenshot-2022-12-21-at-2.57.30-AM-18x9.png 18w, https:\/\/abundancelegacy.org\/wp-content\/uploads\/2022\/12\/Screenshot-2022-12-21-at-2.57.30-AM-600x315.png 600w\" sizes=\"(max-width: 1424px) 100vw, 1424px\" \/><\/div><\/a>\n\t\t\t\t<div class=\"elementor-post__text\">\n\t\t\t\t<h3 class=\"elementor-post__title\">\n\t\t\t<a href=\"http:\/\/abundancelegacy.org\/es\/i-am-spiritually-rich\/\" >\n\t\t\t\tSoy espiritualmente rico\t\t\t<\/a>\n\t\t<\/h3>\n\t\t\n\t\t<a class=\"elementor-post__read-more\" href=\"http:\/\/abundancelegacy.org\/es\/i-am-spiritually-rich\/\" aria-label=\"Read more about I am spiritually rich\" tabindex=\"-1\" >\n\t\t\tLeer M\u00e1s \u00bb\t\t<\/a>\n\n\t\t\t\t<\/div>\n\t\t\t\t\t<\/div>\n\t\t<\/article>\n\t\t\t\t<article class=\"elementor-post elementor-grid-item post-1536 post type-post status-publish format-standard has-post-thumbnail hentry category-uncategorized\" role=\"listitem\">\n\t\t\t<div class=\"elementor-post__card\">\n\t\t\t\t<a class=\"elementor-post__thumbnail__link\" href=\"http:\/\/abundancelegacy.org\/es\/common-investment-terms-explained\/\" tabindex=\"-1\" ><div class=\"elementor-post__thumbnail\"><img decoding=\"async\" width=\"1422\" height=\"918\" src=\"https:\/\/abundancelegacy.org\/wp-content\/uploads\/2022\/12\/Screenshot-2022-12-21-at-2.56.01-AM.png\" class=\"attachment-full size-full wp-image-1537\" alt=\"\" srcset=\"https:\/\/abundancelegacy.org\/wp-content\/uploads\/2022\/12\/Screenshot-2022-12-21-at-2.56.01-AM.png 1422w, https:\/\/abundancelegacy.org\/wp-content\/uploads\/2022\/12\/Screenshot-2022-12-21-at-2.56.01-AM-300x194.png 300w, https:\/\/abundancelegacy.org\/wp-content\/uploads\/2022\/12\/Screenshot-2022-12-21-at-2.56.01-AM-1024x661.png 1024w, https:\/\/abundancelegacy.org\/wp-content\/uploads\/2022\/12\/Screenshot-2022-12-21-at-2.56.01-AM-768x496.png 768w, https:\/\/abundancelegacy.org\/wp-content\/uploads\/2022\/12\/Screenshot-2022-12-21-at-2.56.01-AM-18x12.png 18w, https:\/\/abundancelegacy.org\/wp-content\/uploads\/2022\/12\/Screenshot-2022-12-21-at-2.56.01-AM-600x387.png 600w\" sizes=\"(max-width: 1422px) 100vw, 1422px\" \/><\/div><\/a>\n\t\t\t\t<div class=\"elementor-post__text\">\n\t\t\t\t<h3 class=\"elementor-post__title\">\n\t\t\t<a href=\"http:\/\/abundancelegacy.org\/es\/common-investment-terms-explained\/\" >\n\t\t\t\tExplicaci\u00f3n de los t\u00e9rminos de inversi\u00f3n m\u00e1s comunes\t\t\t<\/a>\n\t\t<\/h3>\n\t\t\n\t\t<a class=\"elementor-post__read-more\" href=\"http:\/\/abundancelegacy.org\/es\/common-investment-terms-explained\/\" aria-label=\"Read more about Common Investment Terms Explained\" tabindex=\"-1\" >\n\t\t\tLeer M\u00e1s \u00bb\t\t<\/a>\n\n\t\t\t\t<\/div>\n\t\t\t\t\t<\/div>\n\t\t<\/article>\n\t\t\t\t<article class=\"elementor-post elementor-grid-item post-1533 post type-post status-publish format-standard has-post-thumbnail hentry category-uncategorized\" role=\"listitem\">\n\t\t\t<div class=\"elementor-post__card\">\n\t\t\t\t<a class=\"elementor-post__thumbnail__link\" href=\"http:\/\/abundancelegacy.org\/es\/i-am-devoted-to-my-spiritual-growth\/\" tabindex=\"-1\" ><div class=\"elementor-post__thumbnail\"><img loading=\"lazy\" decoding=\"async\" width=\"1410\" height=\"918\" src=\"https:\/\/abundancelegacy.org\/wp-content\/uploads\/2022\/12\/Screenshot-2022-12-21-at-2.53.44-AM.png\" class=\"attachment-full size-full wp-image-1534\" alt=\"\" srcset=\"https:\/\/abundancelegacy.org\/wp-content\/uploads\/2022\/12\/Screenshot-2022-12-21-at-2.53.44-AM.png 1410w, https:\/\/abundancelegacy.org\/wp-content\/uploads\/2022\/12\/Screenshot-2022-12-21-at-2.53.44-AM-300x195.png 300w, https:\/\/abundancelegacy.org\/wp-content\/uploads\/2022\/12\/Screenshot-2022-12-21-at-2.53.44-AM-1024x667.png 1024w, https:\/\/abundancelegacy.org\/wp-content\/uploads\/2022\/12\/Screenshot-2022-12-21-at-2.53.44-AM-768x500.png 768w, https:\/\/abundancelegacy.org\/wp-content\/uploads\/2022\/12\/Screenshot-2022-12-21-at-2.53.44-AM-18x12.png 18w, https:\/\/abundancelegacy.org\/wp-content\/uploads\/2022\/12\/Screenshot-2022-12-21-at-2.53.44-AM-600x391.png 600w\" sizes=\"(max-width: 1410px) 100vw, 1410px\" \/><\/div><\/a>\n\t\t\t\t<div class=\"elementor-post__text\">\n\t\t\t\t<h3 class=\"elementor-post__title\">\n\t\t\t<a href=\"http:\/\/abundancelegacy.org\/es\/i-am-devoted-to-my-spiritual-growth\/\" >\n\t\t\t\tMe dedico a mi crecimiento espiritual\t\t\t<\/a>\n\t\t<\/h3>\n\t\t\n\t\t<a class=\"elementor-post__read-more\" href=\"http:\/\/abundancelegacy.org\/es\/i-am-devoted-to-my-spiritual-growth\/\" aria-label=\"Read more about I am devoted to my spiritual growth\" tabindex=\"-1\" >\n\t\t\tLeer M\u00e1s \u00bb\t\t<\/a>\n\n\t\t\t\t<\/div>\n\t\t\t\t\t<\/div>\n\t\t<\/article>\n\t\t\t\t<article class=\"elementor-post elementor-grid-item post-1530 post type-post status-publish format-standard has-post-thumbnail hentry category-uncategorized\" role=\"listitem\">\n\t\t\t<div class=\"elementor-post__card\">\n\t\t\t\t<a class=\"elementor-post__thumbnail__link\" href=\"http:\/\/abundancelegacy.org\/es\/are-your-friends-and-family-a-threat-to-your-finances\/\" tabindex=\"-1\" ><div class=\"elementor-post__thumbnail\"><img loading=\"lazy\" decoding=\"async\" width=\"1414\" height=\"932\" src=\"https:\/\/abundancelegacy.org\/wp-content\/uploads\/2022\/12\/Screenshot-2022-12-21-at-2.51.48-AM.png\" class=\"attachment-full size-full wp-image-1531\" alt=\"\" srcset=\"https:\/\/abundancelegacy.org\/wp-content\/uploads\/2022\/12\/Screenshot-2022-12-21-at-2.51.48-AM.png 1414w, https:\/\/abundancelegacy.org\/wp-content\/uploads\/2022\/12\/Screenshot-2022-12-21-at-2.51.48-AM-300x198.png 300w, https:\/\/abundancelegacy.org\/wp-content\/uploads\/2022\/12\/Screenshot-2022-12-21-at-2.51.48-AM-1024x675.png 1024w, https:\/\/abundancelegacy.org\/wp-content\/uploads\/2022\/12\/Screenshot-2022-12-21-at-2.51.48-AM-768x506.png 768w, https:\/\/abundancelegacy.org\/wp-content\/uploads\/2022\/12\/Screenshot-2022-12-21-at-2.51.48-AM-18x12.png 18w, https:\/\/abundancelegacy.org\/wp-content\/uploads\/2022\/12\/Screenshot-2022-12-21-at-2.51.48-AM-600x395.png 600w\" sizes=\"(max-width: 1414px) 100vw, 1414px\" \/><\/div><\/a>\n\t\t\t\t<div class=\"elementor-post__text\">\n\t\t\t\t<h3 class=\"elementor-post__title\">\n\t\t\t<a href=\"http:\/\/abundancelegacy.org\/es\/are-your-friends-and-family-a-threat-to-your-finances\/\" >\n\t\t\t\t\u00bfSon sus amigos y familiares una amenaza para sus finanzas?\t\t\t<\/a>\n\t\t<\/h3>\n\t\t\n\t\t<a class=\"elementor-post__read-more\" href=\"http:\/\/abundancelegacy.org\/es\/are-your-friends-and-family-a-threat-to-your-finances\/\" aria-label=\"Read more about Are Your Friends and Family a Threat to Your Finances\" tabindex=\"-1\" >\n\t\t\tLeer M\u00e1s \u00bb\t\t<\/a>\n\n\t\t\t\t<\/div>\n\t\t\t\t\t<\/div>\n\t\t<\/article>\n\t\t\t\t<article class=\"elementor-post elementor-grid-item post-1523 post type-post status-publish format-standard has-post-thumbnail hentry category-uncategorized\" role=\"listitem\">\n\t\t\t<div class=\"elementor-post__card\">\n\t\t\t\t<a class=\"elementor-post__thumbnail__link\" href=\"http:\/\/abundancelegacy.org\/es\/7-financial-habits-that-will-keep-you-poor\/\" tabindex=\"-1\" ><div class=\"elementor-post__thumbnail\"><img loading=\"lazy\" decoding=\"async\" width=\"1372\" height=\"886\" src=\"https:\/\/abundancelegacy.org\/wp-content\/uploads\/2022\/12\/Screenshot-2022-12-21-at-2.40.00-AM.png\" class=\"attachment-full size-full wp-image-1524\" alt=\"\" srcset=\"https:\/\/abundancelegacy.org\/wp-content\/uploads\/2022\/12\/Screenshot-2022-12-21-at-2.40.00-AM.png 1372w, https:\/\/abundancelegacy.org\/wp-content\/uploads\/2022\/12\/Screenshot-2022-12-21-at-2.40.00-AM-300x194.png 300w, https:\/\/abundancelegacy.org\/wp-content\/uploads\/2022\/12\/Screenshot-2022-12-21-at-2.40.00-AM-1024x661.png 1024w, https:\/\/abundancelegacy.org\/wp-content\/uploads\/2022\/12\/Screenshot-2022-12-21-at-2.40.00-AM-768x496.png 768w, https:\/\/abundancelegacy.org\/wp-content\/uploads\/2022\/12\/Screenshot-2022-12-21-at-2.40.00-AM-18x12.png 18w, https:\/\/abundancelegacy.org\/wp-content\/uploads\/2022\/12\/Screenshot-2022-12-21-at-2.40.00-AM-600x387.png 600w\" sizes=\"(max-width: 1372px) 100vw, 1372px\" \/><\/div><\/a>\n\t\t\t\t<div class=\"elementor-post__text\">\n\t\t\t\t<h3 class=\"elementor-post__title\">\n\t\t\t<a href=\"http:\/\/abundancelegacy.org\/es\/7-financial-habits-that-will-keep-you-poor\/\" >\n\t\t\t\t7 h\u00e1bitos financieros que le mantendr\u00e1n en la pobreza\t\t\t<\/a>\n\t\t<\/h3>\n\t\t\n\t\t<a class=\"elementor-post__read-more\" href=\"http:\/\/abundancelegacy.org\/es\/7-financial-habits-that-will-keep-you-poor\/\" aria-label=\"Read more about 7 Financial Habits That Will Keep You Poor\" tabindex=\"-1\" >\n\t\t\tLeer M\u00e1s \u00bb\t\t<\/a>\n\n\t\t\t\t<\/div>\n\t\t\t\t\t<\/div>\n\t\t<\/article>\n\t\t\t\t<\/div>\n\t\t\n\t\t\t\t\t\t<\/div>\n\t\t\t\t<\/div>\n\t\t\t\t\t<\/div>\n\t\t<\/div>\n\t\t\t\t\t<\/div>\n\t\t<\/section>\n\t\t\t\t<\/div>","protected":false},"excerpt":{"rendered":"<p>Art\u00edculos<\/p>","protected":false},"author":1,"featured_media":0,"parent":0,"menu_order":0,"comment_status":"closed","ping_status":"closed","template":"elementor_header_footer","meta":{"footnotes":""},"class_list":["post-746","page","type-page","status-publish","hentry"],"_links":{"self":[{"href":"http:\/\/abundancelegacy.org\/es\/wp-json\/wp\/v2\/pages\/746","targetHints":{"allow":["GET"]}}],"collection":[{"href":"http:\/\/abundancelegacy.org\/es\/wp-json\/wp\/v2\/pages"}],"about":[{"href":"http:\/\/abundancelegacy.org\/es\/wp-json\/wp\/v2\/types\/page"}],"author":[{"embeddable":true,"href":"http:\/\/abundancelegacy.org\/es\/wp-json\/wp\/v2\/users\/1"}],"replies":[{"embeddable":true,"href":"http:\/\/abundancelegacy.org\/es\/wp-json\/wp\/v2\/comments?post=746"}],"version-history":[{"count":13,"href":"http:\/\/abundancelegacy.org\/es\/wp-json\/wp\/v2\/pages\/746\/revisions"}],"predecessor-version":[{"id":1788,"href":"http:\/\/abundancelegacy.org\/es\/wp-json\/wp\/v2\/pages\/746\/revisions\/1788"}],"wp:attachment":[{"href":"http:\/\/abundancelegacy.org\/es\/wp-json\/wp\/v2\/media?parent=746"}],"curies":[{"name":"wp","href":"https:\/\/api.w.org\/{rel}","templated":true}]}}