{"id":1071,"date":"2022-10-14T20:42:55","date_gmt":"2022-10-14T20:42:55","guid":{"rendered":"https:\/\/abundancelegacy.org\/?page_id=1071"},"modified":"2026-02-25T11:58:50","modified_gmt":"2026-02-25T11:58:50","slug":"programs","status":"publish","type":"page","link":"http:\/\/abundancelegacy.org\/es\/programs\/","title":{"rendered":"Programas"},"content":{"rendered":"<div data-elementor-type=\"wp-page\" data-elementor-id=\"1071\" class=\"elementor elementor-1071\" data-elementor-post-type=\"page\">\n\t\t\t\t\t\t<section class=\"elementor-section elementor-top-section elementor-element elementor-element-a83b89b elementor-section-height-min-height elementor-section-full_width elementor-section-items-bottom elementor-section-height-default\" data-id=\"a83b89b\" data-element_type=\"section\" data-e-type=\"section\" data-settings=\"{&quot;background_background&quot;:&quot;classic&quot;}\">\n\t\t\t\t\t\t\t<div class=\"elementor-background-overlay\"><\/div>\n\t\t\t\t\t\t\t<div class=\"elementor-container elementor-column-gap-no\">\n\t\t\t\t\t<div class=\"elementor-column elementor-col-100 elementor-top-column elementor-element elementor-element-a0a27b9\" data-id=\"a0a27b9\" data-element_type=\"column\" data-e-type=\"column\">\n\t\t\t<div class=\"elementor-widget-wrap elementor-element-populated\">\n\t\t\t\t\t\t<section class=\"elementor-section elementor-inner-section elementor-element elementor-element-1b12d88 elementor-section-full_width elementor-section-height-default elementor-section-height-default\" data-id=\"1b12d88\" data-element_type=\"section\" data-e-type=\"section\">\n\t\t\t\t\t\t\t<div class=\"elementor-background-overlay\"><\/div>\n\t\t\t\t\t\t\t<div class=\"elementor-container elementor-column-gap-no\">\n\t\t\t\t\t<div class=\"elementor-column elementor-col-100 elementor-inner-column elementor-element elementor-element-e51bfb7\" data-id=\"e51bfb7\" data-element_type=\"column\" data-e-type=\"column\">\n\t\t\t<div class=\"elementor-widget-wrap elementor-element-populated\">\n\t\t\t\t\t\t<div class=\"elementor-element elementor-element-04d5998 elementor-widget__width-initial elementor-widget elementor-widget-heading\" data-id=\"04d5998\" data-element_type=\"widget\" data-e-type=\"widget\" data-widget_type=\"heading.default\">\n\t\t\t\t<div class=\"elementor-widget-container\">\n\t\t\t\t\t<h2 class=\"elementor-heading-title elementor-size-default\">Programas<\/h2>\t\t\t\t<\/div>\n\t\t\t\t<\/div>\n\t\t\t\t\t<\/div>\n\t\t<\/div>\n\t\t\t\t\t<\/div>\n\t\t<\/section>\n\t\t\t\t\t<\/div>\n\t\t<\/div>\n\t\t\t\t\t<\/div>\n\t\t<\/section>\n\t\t\t\t<section class=\"elementor-section elementor-top-section elementor-element elementor-element-4e86d55 elementor-section-boxed elementor-section-height-default elementor-section-height-default\" data-id=\"4e86d55\" data-element_type=\"section\" data-e-type=\"section\">\n\t\t\t\t\t\t<div class=\"elementor-container elementor-column-gap-default\">\n\t\t\t\t\t<div class=\"elementor-column elementor-col-100 elementor-top-column elementor-element elementor-element-77e6f73\" data-id=\"77e6f73\" data-element_type=\"column\" data-e-type=\"column\">\n\t\t\t<div class=\"elementor-widget-wrap elementor-element-populated\">\n\t\t\t\t\t\t<div class=\"elementor-element elementor-element-cff7a70 elementor-widget elementor-widget-heading\" data-id=\"cff7a70\" data-element_type=\"widget\" data-e-type=\"widget\" data-widget_type=\"heading.default\">\n\t\t\t\t<div class=\"elementor-widget-container\">\n\t\t\t\t\t<h2 class=\"elementor-heading-title elementor-size-default\">Nuestras Programas<\/h2>\t\t\t\t<\/div>\n\t\t\t\t<\/div>\n\t\t\t\t<section class=\"elementor-section elementor-inner-section elementor-element elementor-element-398aacc elementor-section-boxed elementor-section-height-default elementor-section-height-default\" data-id=\"398aacc\" data-element_type=\"section\" data-e-type=\"section\">\n\t\t\t\t\t\t<div class=\"elementor-container elementor-column-gap-default\">\n\t\t\t\t\t<div class=\"elementor-column elementor-col-33 elementor-inner-column elementor-element elementor-element-e8ac778\" data-id=\"e8ac778\" data-element_type=\"column\" data-e-type=\"column\">\n\t\t\t<div class=\"elementor-widget-wrap elementor-element-populated\">\n\t\t\t\t\t\t<div class=\"elementor-element elementor-element-4475c7f elementor-position-top elementor-widget elementor-widget-image-box\" data-id=\"4475c7f\" data-element_type=\"widget\" data-e-type=\"widget\" data-widget_type=\"image-box.default\">\n\t\t\t\t<div class=\"elementor-widget-container\">\n\t\t\t\t\t<div class=\"elementor-image-box-wrapper\"><figure class=\"elementor-image-box-img\"><a href=\"https:\/\/abundancelegacy.org\/es\/podcast\/\" tabindex=\"-1\"><img fetchpriority=\"high\" decoding=\"async\" width=\"1536\" height=\"1024\" src=\"https:\/\/abundancelegacy.org\/wp-content\/uploads\/2022\/10\/listening-to-a-podcast-on-a-phone-1536x1024-1.webp\" class=\"attachment-full size-full wp-image-915\" alt=\"\" srcset=\"https:\/\/abundancelegacy.org\/wp-content\/uploads\/2022\/10\/listening-to-a-podcast-on-a-phone-1536x1024-1.webp 1536w, https:\/\/abundancelegacy.org\/wp-content\/uploads\/2022\/10\/listening-to-a-podcast-on-a-phone-1536x1024-1-300x200.webp 300w, https:\/\/abundancelegacy.org\/wp-content\/uploads\/2022\/10\/listening-to-a-podcast-on-a-phone-1536x1024-1-1024x683.webp 1024w, https:\/\/abundancelegacy.org\/wp-content\/uploads\/2022\/10\/listening-to-a-podcast-on-a-phone-1536x1024-1-768x512.webp 768w, https:\/\/abundancelegacy.org\/wp-content\/uploads\/2022\/10\/listening-to-a-podcast-on-a-phone-1536x1024-1-18x12.webp 18w, https:\/\/abundancelegacy.org\/wp-content\/uploads\/2022\/10\/listening-to-a-podcast-on-a-phone-1536x1024-1-600x400.webp 600w\" sizes=\"(max-width: 1536px) 100vw, 1536px\" \/><\/a><\/figure><div class=\"elementor-image-box-content\"><h3 class=\"elementor-image-box-title\"><a href=\"https:\/\/abundancelegacy.org\/es\/podcast\/\">P\u00f3dcast<\/a><\/h3><p class=\"elementor-image-box-description\">\u00danase a Real Choices\u2026Real Life con Jessica Karin y Nathaniel X Ross, mientras ellos y sus invitados comparten opciones reales que pueden mejorar su vida. Una discusi\u00f3n sobre c\u00f3mo navegar positivamente a trav\u00e9s de los desaf\u00edos de la vida desde un punto de vista hol\u00edstico.\n\n<a href=\"https:\/\/abundancelegacy.org\/es\/podcast\/\" class=\"iconrold\">Aprende m\u00e1s <i aria-hidden=\"true\" class=\"fas fa-arrow-circle-right\"><\/i><\/a><\/p><\/div><\/div>\t\t\t\t<\/div>\n\t\t\t\t<\/div>\n\t\t\t\t\t<\/div>\n\t\t<\/div>\n\t\t\t\t<div class=\"elementor-column elementor-col-33 elementor-inner-column elementor-element elementor-element-98638ae\" data-id=\"98638ae\" data-element_type=\"column\" data-e-type=\"column\">\n\t\t\t<div class=\"elementor-widget-wrap elementor-element-populated\">\n\t\t\t\t\t\t<div class=\"elementor-element elementor-element-473f51a elementor-position-top elementor-widget elementor-widget-image-box\" data-id=\"473f51a\" data-element_type=\"widget\" data-e-type=\"widget\" data-widget_type=\"image-box.default\">\n\t\t\t\t<div class=\"elementor-widget-container\">\n\t\t\t\t\t<div class=\"elementor-image-box-wrapper\"><figure class=\"elementor-image-box-img\"><a href=\"https:\/\/abundancelegacy.org\/es\/financial-bootcamp\/\" tabindex=\"-1\"><img decoding=\"async\" width=\"1422\" height=\"800\" src=\"https:\/\/abundancelegacy.org\/wp-content\/uploads\/2022\/10\/spss-statistice-professional-edition-overview.webp\" class=\"attachment-full size-full wp-image-914\" alt=\"\" srcset=\"https:\/\/abundancelegacy.org\/wp-content\/uploads\/2022\/10\/spss-statistice-professional-edition-overview.webp 1422w, https:\/\/abundancelegacy.org\/wp-content\/uploads\/2022\/10\/spss-statistice-professional-edition-overview-300x169.webp 300w, https:\/\/abundancelegacy.org\/wp-content\/uploads\/2022\/10\/spss-statistice-professional-edition-overview-1024x576.webp 1024w, https:\/\/abundancelegacy.org\/wp-content\/uploads\/2022\/10\/spss-statistice-professional-edition-overview-768x432.webp 768w, https:\/\/abundancelegacy.org\/wp-content\/uploads\/2022\/10\/spss-statistice-professional-edition-overview-18x10.webp 18w, https:\/\/abundancelegacy.org\/wp-content\/uploads\/2022\/10\/spss-statistice-professional-edition-overview-600x338.webp 600w\" sizes=\"(max-width: 1422px) 100vw, 1422px\" \/><\/a><\/figure><div class=\"elementor-image-box-content\"><h3 class=\"elementor-image-box-title\"><a href=\"https:\/\/abundancelegacy.org\/es\/financial-bootcamp\/\">Campamento de entrenamiento financiero<\/a><\/h3><p class=\"elementor-image-box-description\">Este campo de entrenamiento financiero se cre\u00f3 para ayudar a las personas a poner en orden sus asuntos financieros. Este es un programa de 3 meses que se reunir\u00e1 una vez a la semana durante 2 horas por videoconferencia durante 3 meses.\n\n<a href=\"https:\/\/abundancelegacy.org\/es\/financial-bootcamp\/\" class=\"iconrold\">Aprende m\u00e1s <i aria-hidden=\"true\" class=\"fas fa-arrow-circle-right\"><\/i><\/a><\/p><\/div><\/div>\t\t\t\t<\/div>\n\t\t\t\t<\/div>\n\t\t\t\t\t<\/div>\n\t\t<\/div>\n\t\t\t\t<div class=\"elementor-column elementor-col-33 elementor-inner-column elementor-element elementor-element-1d66959\" data-id=\"1d66959\" data-element_type=\"column\" data-e-type=\"column\">\n\t\t\t<div class=\"elementor-widget-wrap elementor-element-populated\">\n\t\t\t\t\t\t<div class=\"elementor-element elementor-element-3c56476 elementor-position-top elementor-widget elementor-widget-image-box\" data-id=\"3c56476\" data-element_type=\"widget\" data-e-type=\"widget\" data-widget_type=\"image-box.default\">\n\t\t\t\t<div class=\"elementor-widget-container\">\n\t\t\t\t\t<div class=\"elementor-image-box-wrapper\"><figure class=\"elementor-image-box-img\"><a href=\"https:\/\/abundancelegacy.org\/es\/life-coaching\/\" tabindex=\"-1\"><img decoding=\"async\" width=\"2394\" height=\"990\" src=\"https:\/\/abundancelegacy.org\/wp-content\/uploads\/2022\/10\/web-iStock-482132332-e1620078252761.jpg\" class=\"attachment-full size-full wp-image-180\" alt=\"\" srcset=\"https:\/\/abundancelegacy.org\/wp-content\/uploads\/2022\/10\/web-iStock-482132332-e1620078252761.jpg 2394w, https:\/\/abundancelegacy.org\/wp-content\/uploads\/2022\/10\/web-iStock-482132332-e1620078252761-600x248.jpg 600w, https:\/\/abundancelegacy.org\/wp-content\/uploads\/2022\/10\/web-iStock-482132332-e1620078252761-300x124.jpg 300w, https:\/\/abundancelegacy.org\/wp-content\/uploads\/2022\/10\/web-iStock-482132332-e1620078252761-1024x423.jpg 1024w, https:\/\/abundancelegacy.org\/wp-content\/uploads\/2022\/10\/web-iStock-482132332-e1620078252761-768x318.jpg 768w, https:\/\/abundancelegacy.org\/wp-content\/uploads\/2022\/10\/web-iStock-482132332-e1620078252761-1536x635.jpg 1536w, https:\/\/abundancelegacy.org\/wp-content\/uploads\/2022\/10\/web-iStock-482132332-e1620078252761-2048x847.jpg 2048w\" sizes=\"(max-width: 2394px) 100vw, 2394px\" \/><\/a><\/figure><div class=\"elementor-image-box-content\"><h3 class=\"elementor-image-box-title\"><a href=\"https:\/\/abundancelegacy.org\/es\/life-coaching\/\">Coaching de vida<\/a><\/h3><p class=\"elementor-image-box-description\">Nos hemos dado cuenta de que no podemos salvar el mundo. Sin embargo, podemos salvar a una persona tras otra y eso tendr\u00e1 un impacto procesional en la salvaci\u00f3n del mundo. \n\n<a href=\"https:\/\/abundancelegacy.org\/es\/life-coaching\/\" class=\"iconrold\">Aprende m\u00e1s <i aria-hidden=\"true\" class=\"fas fa-arrow-circle-right\"><\/i><\/a><\/p><\/div><\/div>\t\t\t\t<\/div>\n\t\t\t\t<\/div>\n\t\t\t\t\t<\/div>\n\t\t<\/div>\n\t\t\t\t\t<\/div>\n\t\t<\/section>\n\t\t\t\t<section class=\"elementor-section elementor-inner-section elementor-element elementor-element-34441d1 elementor-section-boxed elementor-section-height-default elementor-section-height-default\" data-id=\"34441d1\" data-element_type=\"section\" data-e-type=\"section\">\n\t\t\t\t\t\t<div class=\"elementor-container elementor-column-gap-default\">\n\t\t\t\t\t<div class=\"elementor-column elementor-col-33 elementor-inner-column elementor-element elementor-element-277296e\" data-id=\"277296e\" data-element_type=\"column\" data-e-type=\"column\">\n\t\t\t<div class=\"elementor-widget-wrap elementor-element-populated\">\n\t\t\t\t\t\t<div class=\"elementor-element elementor-element-a78404f elementor-position-top elementor-widget elementor-widget-image-box\" data-id=\"a78404f\" data-element_type=\"widget\" data-e-type=\"widget\" data-widget_type=\"image-box.default\">\n\t\t\t\t<div class=\"elementor-widget-container\">\n\t\t\t\t\t<div class=\"elementor-image-box-wrapper\"><figure class=\"elementor-image-box-img\"><a href=\"https:\/\/abundancelegacy.org\/es\/articles\/\" tabindex=\"-1\"><img loading=\"lazy\" decoding=\"async\" width=\"1795\" height=\"1025\" src=\"https:\/\/abundancelegacy.org\/wp-content\/uploads\/2022\/10\/readi.jpg\" class=\"attachment-full size-full wp-image-755\" alt=\"\" srcset=\"https:\/\/abundancelegacy.org\/wp-content\/uploads\/2022\/10\/readi.jpg 1795w, https:\/\/abundancelegacy.org\/wp-content\/uploads\/2022\/10\/readi-300x171.jpg 300w, https:\/\/abundancelegacy.org\/wp-content\/uploads\/2022\/10\/readi-1024x585.jpg 1024w, https:\/\/abundancelegacy.org\/wp-content\/uploads\/2022\/10\/readi-768x439.jpg 768w, https:\/\/abundancelegacy.org\/wp-content\/uploads\/2022\/10\/readi-1536x877.jpg 1536w, https:\/\/abundancelegacy.org\/wp-content\/uploads\/2022\/10\/readi-18x10.jpg 18w, https:\/\/abundancelegacy.org\/wp-content\/uploads\/2022\/10\/readi-600x343.jpg 600w\" sizes=\"(max-width: 1795px) 100vw, 1795px\" \/><\/a><\/figure><div class=\"elementor-image-box-content\"><h3 class=\"elementor-image-box-title\"><a href=\"https:\/\/abundancelegacy.org\/es\/articles\/\">Art\u00edculos<\/a><\/h3><p class=\"elementor-image-box-description\">Estos art\u00edculos le ayudar\u00e1n en todos los aspectos de la Vida Hol\u00edstica, incluyendo la salud, las finanzas, las relaciones, la comunidad y otras \u00e1reas.\n\n\n\n<a href=\"https:\/\/abundancelegacy.org\/es\/articles\/\" class=\"iconrold\">Aprende m\u00e1s <i aria-hidden=\"true\" class=\"fas fa-arrow-circle-right\"><\/i><\/a><\/p><\/div><\/div>\t\t\t\t<\/div>\n\t\t\t\t<\/div>\n\t\t\t\t\t<\/div>\n\t\t<\/div>\n\t\t\t\t<div class=\"elementor-column elementor-col-33 elementor-inner-column elementor-element elementor-element-1bbc9b2\" data-id=\"1bbc9b2\" data-element_type=\"column\" data-e-type=\"column\">\n\t\t\t<div class=\"elementor-widget-wrap\">\n\t\t\t\t\t\t\t<\/div>\n\t\t<\/div>\n\t\t\t\t<div class=\"elementor-column elementor-col-33 elementor-inner-column elementor-element elementor-element-f2e0ad6\" data-id=\"f2e0ad6\" data-element_type=\"column\" data-e-type=\"column\">\n\t\t\t<div class=\"elementor-widget-wrap\">\n\t\t\t\t\t\t\t<\/div>\n\t\t<\/div>\n\t\t\t\t\t<\/div>\n\t\t<\/section>\n\t\t\t\t\t<\/div>\n\t\t<\/div>\n\t\t\t\t\t<\/div>\n\t\t<\/section>\n\t\t\t\t<\/div>","protected":false},"excerpt":{"rendered":"<p>Programs Our Programs Podcast Join Real Choices\u2026Real Life with Jessica Karin and Nathaniel X Ross, as they and their guests share real choices that may make life better for you. [&hellip;]<\/p>\n","protected":false},"author":1,"featured_media":0,"parent":0,"menu_order":0,"comment_status":"closed","ping_status":"closed","template":"elementor_header_footer","meta":{"footnotes":""},"class_list":["post-1071","page","type-page","status-publish","hentry"],"_links":{"self":[{"href":"http:\/\/abundancelegacy.org\/es\/wp-json\/wp\/v2\/pages\/1071","targetHints":{"allow":["GET"]}}],"collection":[{"href":"http:\/\/abundancelegacy.org\/es\/wp-json\/wp\/v2\/pages"}],"about":[{"href":"http:\/\/abundancelegacy.org\/es\/wp-json\/wp\/v2\/types\/page"}],"author":[{"embeddable":true,"href":"http:\/\/abundancelegacy.org\/es\/wp-json\/wp\/v2\/users\/1"}],"replies":[{"embeddable":true,"href":"http:\/\/abundancelegacy.org\/es\/wp-json\/wp\/v2\/comments?post=1071"}],"version-history":[{"count":44,"href":"http:\/\/abundancelegacy.org\/es\/wp-json\/wp\/v2\/pages\/1071\/revisions"}],"predecessor-version":[{"id":2239,"href":"http:\/\/abundancelegacy.org\/es\/wp-json\/wp\/v2\/pages\/1071\/revisions\/2239"}],"wp:attachment":[{"href":"http:\/\/abundancelegacy.org\/es\/wp-json\/wp\/v2\/media?parent=1071"}],"curies":[{"name":"wp","href":"https:\/\/api.w.org\/{rel}","templated":true}]}}